{"id":9057,"date":"2021-12-29T15:48:22","date_gmt":"2021-12-29T15:48:22","guid":{"rendered":"http:\/\/guitarislancio.is\/the-trio\/"},"modified":"2024-12-31T10:27:09","modified_gmt":"2024-12-31T10:27:09","slug":"the-trio","status":"publish","type":"page","link":"https:\/\/guitarislancio.is\/en\/the-trio\/","title":{"rendered":"The Trio"},"content":{"rendered":"<p>[vc_row][vc_column width=&#8221;1\/2&#8243;]\t\t\t<link rel=\"stylesheet\" id=\"wd-image-gallery-css\" href=\"https:\/\/guitarislancio.is\/wp-content\/themes\/woodmart\/css\/parts\/el-gallery.min.css?ver=6.5.4\" type=\"text\/css\" media=\"all\" \/> \t\t\t\t\t<div id=\"gallery_693\" class=\"wd-images-gallery wd-rs-61a796ef0fee9 wd-justify-center wd-items-middle view-grid\" >\n\t\t\t<div class=\"gallery-images row wd-spacing-2\">\n\t\t\t\t\t\t\t\t\t\t\t\t\t\t\t<div class=\"wd-gallery-item col-lg-12 col-md-12 col-sm-12 col-12\">\n\t\t\t\t\t\t\t\n\t\t\t\t\t\t\t\t\t\t\t\t\t\t\t\t\t<img width=\"800\" height=\"500\" src=\"https:\/\/guitarislancio.is\/wp-content\/uploads\/2021\/11\/Ny-mynd-med-THordi2.jpg\" class=\"wd-gallery-image image-1 attachment-full\" alt=\"\" decoding=\"async\" loading=\"lazy\" title=\"N\u00fd-mynd-me\u00f0-\u00de\u00f3r\u00f0i2\" srcset=\"https:\/\/guitarislancio.is\/wp-content\/uploads\/2021\/11\/Ny-mynd-med-THordi2.jpg 800w, https:\/\/guitarislancio.is\/wp-content\/uploads\/2021\/11\/Ny-mynd-med-THordi2-300x188.jpg 300w, https:\/\/guitarislancio.is\/wp-content\/uploads\/2021\/11\/Ny-mynd-med-THordi2-768x480.jpg 768w, https:\/\/guitarislancio.is\/wp-content\/uploads\/2021\/11\/Ny-mynd-med-THordi2-150x94.jpg 150w\" sizes=\"(max-width: 800px) 100vw, 800px\" \/>\t\t\t\t\t\t\t\t\n\n\t\t\t\t\t\t\t\t\t\t\t\t\t\t<\/div>\n\t\t\t\t\t\t\t\t\t\t\t\t<\/div>\n\t\t<\/div>\n\t\t\t\t\t\t<div id=\"gallery_421\" class=\"wd-images-gallery wd-rs-61a799f070fcd wd-justify-center wd-items-middle view-grid\" >\n\t\t\t<div class=\"gallery-images row wd-spacing-2\">\n\t\t\t\t\t\t\t\t\t\t\t\t\t\t\t<div class=\"wd-gallery-item col-lg-4 col-md-4 col-sm-6 col-6\">\n\t\t\t\t\t\t\t\t\t\t\t\t\t\t<a href=\"https:\/\/inboxair.com\/guitar\/medlimirnir\/bjorn-thoroddsen\/\" data-elementor-open-lightbox=\"no\" data-index=\"1\" data-width=\"600\" data-height=\"400\"  >\n\t\t\t\t\t\t\t\t\n\t\t\t\t\t\t\t\t\t\t\t\t\t\t\t\t\t<img width=\"600\" height=\"400\" src=\"https:\/\/guitarislancio.is\/wp-content\/uploads\/2021\/11\/trio-bjorn.jpg\" class=\"wd-gallery-image image-1 attachment-full\" alt=\"\" decoding=\"async\" loading=\"lazy\" title=\"trio-bjorn\" srcset=\"https:\/\/guitarislancio.is\/wp-content\/uploads\/2021\/11\/trio-bjorn.jpg 600w, https:\/\/guitarislancio.is\/wp-content\/uploads\/2021\/11\/trio-bjorn-300x200.jpg 300w, https:\/\/guitarislancio.is\/wp-content\/uploads\/2021\/11\/trio-bjorn-150x100.jpg 150w\" sizes=\"(max-width: 600px) 100vw, 600px\" \/>\t\t\t\t\t\t\t\t\n\n\t\t\t\t\t\t\t\t\t\t\t\t\t\t\t<\/a>\n\t\t\t\t\t\t\t\t\t\t\t\t<\/div>\n\t\t\t\t\t\t\t\t\t\t\t<div class=\"wd-gallery-item col-lg-4 col-md-4 col-sm-6 col-6\">\n\t\t\t\t\t\t\t\t\t\t\t\t\t\t<a href=\"https:\/\/inboxair.com\/guitar\/medlimirnir\/jon-rafnsson\/\" data-elementor-open-lightbox=\"no\" data-index=\"2\" data-width=\"600\" data-height=\"400\"  >\n\t\t\t\t\t\t\t\t\n\t\t\t\t\t\t\t\t\t\t\t\t\t\t\t\t\t<img width=\"600\" height=\"400\" src=\"https:\/\/guitarislancio.is\/wp-content\/uploads\/2021\/11\/trio-jon.jpg\" class=\"wd-gallery-image image-2 attachment-full\" alt=\"\" decoding=\"async\" loading=\"lazy\" title=\"trio-jon\" srcset=\"https:\/\/guitarislancio.is\/wp-content\/uploads\/2021\/11\/trio-jon.jpg 600w, https:\/\/guitarislancio.is\/wp-content\/uploads\/2021\/11\/trio-jon-300x200.jpg 300w, https:\/\/guitarislancio.is\/wp-content\/uploads\/2021\/11\/trio-jon-150x100.jpg 150w\" sizes=\"(max-width: 600px) 100vw, 600px\" \/>\t\t\t\t\t\t\t\t\n\n\t\t\t\t\t\t\t\t\t\t\t\t\t\t\t<\/a>\n\t\t\t\t\t\t\t\t\t\t\t\t<\/div>\n\t\t\t\t\t\t\t\t\t\t\t<div class=\"wd-gallery-item col-lg-4 col-md-4 col-sm-6 col-6\">\n\t\t\t\t\t\t\t\t\t\t\t\t\t\t<a href=\"https:\/\/inboxair.com\/guitar\/medlimirnir\/thordur-arnason\/\" data-elementor-open-lightbox=\"no\" data-index=\"3\" data-width=\"600\" data-height=\"400\"  >\n\t\t\t\t\t\t\t\t\n\t\t\t\t\t\t\t\t\t\t\t\t\t\t\t\t\t<img width=\"600\" height=\"400\" src=\"https:\/\/guitarislancio.is\/wp-content\/uploads\/2021\/11\/trio-thordur.jpg\" class=\"wd-gallery-image image-3 attachment-full\" alt=\"\" decoding=\"async\" loading=\"lazy\" title=\"trio-thordur\" srcset=\"https:\/\/guitarislancio.is\/wp-content\/uploads\/2021\/11\/trio-thordur.jpg 600w, https:\/\/guitarislancio.is\/wp-content\/uploads\/2021\/11\/trio-thordur-300x200.jpg 300w, https:\/\/guitarislancio.is\/wp-content\/uploads\/2021\/11\/trio-thordur-150x100.jpg 150w\" sizes=\"(max-width: 600px) 100vw, 600px\" \/>\t\t\t\t\t\t\t\t\n\n\t\t\t\t\t\t\t\t\t\t\t\t\t\t\t<\/a>\n\t\t\t\t\t\t\t\t\t\t\t\t<\/div>\n\t\t\t\t\t\t\t\t\t\t\t\t<\/div>\n\t\t<\/div>\n\t\t\t\t\t\t<div id=\"gallery_165\" class=\"wd-images-gallery wd-rs-61d583d34aa6d wd-justify-center wd-items-middle view-grid\" >\n\t\t\t<div class=\"gallery-images row wd-spacing-2\">\n\t\t\t\t\t\t\t\t\t\t\t\t\t\t\t<div class=\"wd-gallery-item col-lg-12 col-md-12 col-sm-12 col-12\">\n\t\t\t\t\t\t\t\n\t\t\t\t\t\t\t\t\t\t\t\t\t\t\t\t\t<img width=\"960\" height=\"690\" src=\"https:\/\/guitarislancio.is\/wp-content\/uploads\/2022\/01\/trioid.jpg\" class=\"wd-gallery-image image-1 attachment-full\" alt=\"\" decoding=\"async\" loading=\"lazy\" title=\"trioid\" srcset=\"https:\/\/guitarislancio.is\/wp-content\/uploads\/2022\/01\/trioid.jpg 960w, https:\/\/guitarislancio.is\/wp-content\/uploads\/2022\/01\/trioid-300x216.jpg 300w, https:\/\/guitarislancio.is\/wp-content\/uploads\/2022\/01\/trioid-768x552.jpg 768w\" sizes=\"(max-width: 960px) 100vw, 960px\" \/>\t\t\t\t\t\t\t\t\n\n\t\t\t\t\t\t\t\t\t\t\t\t\t\t<\/div>\n\t\t\t\t\t\t\t\t\t\t\t\t<\/div>\n\t\t<\/div>\n\t\t\t\t[\/vc_column][vc_column width=&#8221;1\/2&#8243;]\t\t\t<link rel=\"stylesheet\" id=\"wd-section-title-css\" href=\"https:\/\/guitarislancio.is\/wp-content\/themes\/woodmart\/css\/parts\/el-section-title.min.css?ver=6.5.4\" type=\"text\/css\" media=\"all\" \/> \t\t\t\t\t\t<link rel=\"stylesheet\" id=\"wd-mod-highlighted-text-css\" href=\"https:\/\/guitarislancio.is\/wp-content\/themes\/woodmart\/css\/parts\/mod-highlighted-text.min.css?ver=6.5.4\" type=\"text\/css\" media=\"all\" \/> \t\t\t\n\t\t<div id=\"wd-61a796b7a0052\" class=\"title-wrapper wd-wpb set-mb-s reset-last-child  wd-rs-61a796b7a0052 wd-title-color-default wd-title-style-default text-left vc_custom_1638373063926 wd-underline-colored\">\n\t\t\t\t\t\t\t<div class=\"title-subtitle  subtitle-color-default font-default subtitle-style-default wd-font-weight- wd-fontsize-m\">Trio<\/div>\n\t\t\t\n\t\t\t<div class=\"liner-continer\">\n\t\t\t\t<h4 class=\"woodmart-title-container title  wd-font-weight- wd-fontsize-xxxl\" >Guitar Islancio<\/h4>\n\t\t\t\t\t\t\t<\/div>\n\t\t\t\n\t\t\t\n\t\t\t\n\t\t<\/div>\n\t\t\n\t\t[vc_zigzag color=&#8221;custom&#8221; align=&#8221;left&#8221; el_width=&#8221;10&#8243; css=&#8221;.vc_custom_1499929732869{margin-bottom: 20px !important;}&#8221; custom_color=&#8221;#83b735&#8243;]\t\t\t<link rel=\"stylesheet\" id=\"wd-responsive-text-css\" href=\"https:\/\/guitarislancio.is\/wp-content\/themes\/woodmart\/css\/parts\/el-responsive-text.min.css?ver=6.5.4\" type=\"text\/css\" media=\"all\" \/> \t\t\t\t\t\t<div id=\"wd-61cb04d0ac4f8\" class=\"wd-text-block-wrapper wd-wpb wd-rs-61cb04d0ac4f8 color-scheme-custom text-left vc_custom_1640695023323\">\n\t\t\t\t<div class=\"woodmart-title-container woodmart-text-block reset-last-child font-text wd-font-weight- \">\n\t\t\t\t\tBj\u00f6rn Thoroddsen \u2013 Guitar<br \/>\nJ\u00f3n Rafnsson \u2013 Bass<br \/>\n\u00de\u00f3r\u00f0ur \u00c1rnason \u2013 Guitar<br \/>\nGunnar \u00de\u00f3r\u00f0arson \u2013 Guitar\t\t\t\t<\/div>\n\n\t\t\t\t\t\t\t<\/div>\n\t\t[vc_column_text css=&#8221;.vc_custom_1735640827531{margin-bottom: 20px !important;}&#8221; text_larger=&#8221;yes&#8221; woodmart_inline=&#8221;no&#8221;]Guitar Islancio was formed in 1998 by Bj\u00f6rn Thoroddsen and Gunnar Thordarson and has since then performed across the globe, headlining concerts both in Iceland as well as in Scandinavia, mainland Europe, North-America and Asia.<\/p>\n<p>The trio has released five albums, four of which contain jazzed-up versions of Icelandic folk songs. The album \u201cScandinavian Songs\u201d also includes music from all the Nordic countries, The Faroe Islands and Greenland. \u201cConnections\u201d came out in Canada in 2001. It has 15 songs that are all on the trio\u2019s first three CDs. This CD brings in a new sound because the Icelandic-Canadian trumpet player Richard Gillis plays with the trio.<br \/>\nThe disc was released in Iceland in 2005 as \u201cIcelandic Folk\u201d.<\/p>\n<p>All five albums have been critically acclaimed and have received bestseller status in Iceland.In the fall of 2010, Guitar Islancio released a Best of album, containing 14 favorites from the older albums, as well as a brand new recording of Bj\u00f6rn Thoroddsen\u2019s Tango, which was originally included on \u201cGuitar Islancio II\u201d.<\/p>\n<p>The CD \u201c\u00dej\u00f3\u00f0l\u00f6g \u2013 Folksongs\u201d came out in 2017. It has 14 songs from the trio\u2019s previous CDs. In addition, it has a previously unreleased version of \u201c\u00c1 Sprengisandi \u2013 \u201cRiding over the Desert\u201d by Sigvaldi Kaldal\u00f3ns. 2019 saw the publication of \u201cIcelandic Folksongs, Arranged by Guitar Islancio\u201d. It provides sheet music for 22 folksongs with chord diagrams for the guitar and piano, along with various lore about the songs. All the text in the book is in Icelandic, English, and German. A vinyl record with 12 folksongs that have all been released on the trio\u2019s CDs will come out at the start of 2022.<\/p>\n<p>The trio has performed alongside a wide variety of renowned international musicians, including France\u2019s violonist Didier Lockwood and guitarist Sylvain Luc; Denmark\u2019s clarinettist J\u00f8rgen Svare and violinist Kristian J\u00f8rgensen; Swedish guitarist Ulf Wakenius, saxophonist Jonas Knutsson and trombone player Nils Landgren; Belgian guitarist Philip Catherine; American guitarist Larry Coryell and Canadian trumpet player Richard Gillis \u2013 who is also featured on the album \u201cIcelandic Folk\u201d (released in Canada as \u201cConnections\u201d).<\/p>\n<p>At concerts, the trio\u2019s program is an entertaining mix of original material, Icelandic folk songs and jazz standards. The trio is famous for its powerful and lively performances and as such, it truly lives up to its name: the word Islancio is an Italian musical term and means with dash or with impetuousness. So playing \u201ccon islancio\u201d means playing impetuiously. The sound of the word is also undeniably reminiscent of Iceland, and so the name is both musical and \u201cIcelandic\u201d.<\/p>\n<p>In both 2000 and 2001, the city of Reykjav\u00edk awarded Guitar Islancio with the title of \u201cOfficial Musical Group of the City\u201d.<\/p>\n<p>Guitarist Th\u00f3r\u00f0ur \u00c1rnason recently filled in for Gunnar Th\u00f3r\u00f0arson, and \u00c1rnason will continue playing with the trio. Th\u00f3r\u00f0ur is a great find for the trio. There is no doubt that he is one of the best guitarists that Iceland has ever produced.[\/vc_column_text][\/vc_column][\/vc_row]<\/p>\n","protected":false},"excerpt":{"rendered":"<p>[vc_row][vc_column width=&#8221;1\/2&#8243;][\/vc_column][vc_column width=&#8221;1\/2&#8243;][vc_zigzag color=&#8221;custom&#8221; align=&#8221;left&#8221; el_width=&#8221;10&#8243; css=&#8221;.vc_custom_1499929732869{margin-bottom: 20px !important;}&#8221; custom_color=&#8221;#83b735&#8243;][vc_column_text css=&#8221;.vc_custom_1735640827531{margin-bottom: 20px !important;}&#8221; text_larger=&#8221;yes&#8221; woodmart_inline=&#8221;no&#8221;]Guitar Islancio was formed in 1998<\/p>\n","protected":false},"author":1,"featured_media":0,"parent":0,"menu_order":2,"comment_status":"closed","ping_status":"closed","template":"","meta":[],"_links":{"self":[{"href":"https:\/\/guitarislancio.is\/en\/wp-json\/wp\/v2\/pages\/9057"}],"collection":[{"href":"https:\/\/guitarislancio.is\/en\/wp-json\/wp\/v2\/pages"}],"about":[{"href":"https:\/\/guitarislancio.is\/en\/wp-json\/wp\/v2\/types\/page"}],"author":[{"embeddable":true,"href":"https:\/\/guitarislancio.is\/en\/wp-json\/wp\/v2\/users\/1"}],"replies":[{"embeddable":true,"href":"https:\/\/guitarislancio.is\/en\/wp-json\/wp\/v2\/comments?post=9057"}],"version-history":[{"count":53,"href":"https:\/\/guitarislancio.is\/en\/wp-json\/wp\/v2\/pages\/9057\/revisions"}],"predecessor-version":[{"id":10253,"href":"https:\/\/guitarislancio.is\/en\/wp-json\/wp\/v2\/pages\/9057\/revisions\/10253"}],"wp:attachment":[{"href":"https:\/\/guitarislancio.is\/en\/wp-json\/wp\/v2\/media?parent=9057"}],"curies":[{"name":"wp","href":"https:\/\/api.w.org\/{rel}","templated":true}]}}