{"id":9392,"date":"2022-01-03T20:29:57","date_gmt":"2022-01-03T20:29:57","guid":{"rendered":"http:\/\/guitarislancio.is\/gallery\/"},"modified":"2022-01-09T11:45:19","modified_gmt":"2022-01-09T11:45:19","slug":"gallery","status":"publish","type":"page","link":"https:\/\/guitarislancio.is\/de\/gallery\/","title":{"rendered":"Gallery"},"content":{"rendered":"<p>[vc_row css=&#8220;.vc_custom_1535554845048{margin-bottom: 8vh !important;}&#8220;][vc_column]\t\t\t<link rel=\"stylesheet\" id=\"wd-section-title-css\" href=\"https:\/\/guitarislancio.is\/wp-content\/themes\/woodmart\/css\/parts\/el-section-title.min.css?ver=6.5.4\" type=\"text\/css\" media=\"all\" \/> \t\t\t\t\t\t<link rel=\"stylesheet\" id=\"wd-mod-highlighted-text-css\" href=\"https:\/\/guitarislancio.is\/wp-content\/themes\/woodmart\/css\/parts\/mod-highlighted-text.min.css?ver=6.5.4\" type=\"text\/css\" media=\"all\" \/> \t\t\t\n\t\t<div id=\"wd-61a79bda807e2\" class=\"title-wrapper wd-wpb set-mb-s reset-last-child  wd-rs-61a79bda807e2 wd-title-color-default wd-title-style-default text-left  wd-underline-colored\">\n\t\t\t\n\t\t\t<div class=\"liner-continer\">\n\t\t\t\t<h4 class=\"woodmart-title-container title  wd-font-weight- wd-fontsize-xxxl\" >Gallery<\/h4>\n\t\t\t\t\t\t\t<\/div>\n\t\t\t\n\t\t\t\n\t\t\t\n\t\t<\/div>\n\t\t\n\t\t\t\t\t<link rel=\"stylesheet\" id=\"wd-photoswipe-css\" href=\"https:\/\/guitarislancio.is\/wp-content\/themes\/woodmart\/css\/parts\/lib-photoswipe.min.css?ver=6.5.4\" type=\"text\/css\" media=\"all\" \/> \t\t\t\t\t\t<link rel=\"stylesheet\" id=\"wd-image-gallery-css\" href=\"https:\/\/guitarislancio.is\/wp-content\/themes\/woodmart\/css\/parts\/el-gallery.min.css?ver=6.5.4\" type=\"text\/css\" media=\"all\" \/> \t\t\t\t\t<div id=\"gallery_606\" class=\"wd-images-gallery wd-rs-61daca60c86c2 wd-justify-center wd-items-middle view-masonry photoswipe-images\" >\n\t\t\t<div class=\"gallery-images row wd-spacing-6\">\n\t\t\t\t\t\t\t\t\t\t\t\t\t\t\t<div class=\"wd-gallery-item col-lg-4 col-md-4 col-sm-6 col-6\">\n\t\t\t\t\t\t\t\t\t\t\t\t\t\t<a href=\"https:\/\/guitarislancio.is\/wp-content\/uploads\/2021\/11\/Ny-mynd-med-THordi2.jpg\" data-elementor-open-lightbox=\"no\" data-index=\"1\" data-width=\"800\" data-height=\"500\"  >\n\t\t\t\t\t\t\t\t\n\t\t\t\t\t\t\t\t\t\t\t\t\t\t\t\t\t<img width=\"800\" height=\"500\" src=\"https:\/\/guitarislancio.is\/wp-content\/uploads\/2021\/11\/Ny-mynd-med-THordi2.jpg\" class=\"wd-gallery-image image-1 attachment-full\" alt=\"\" decoding=\"async\" loading=\"lazy\" title=\"N\u00fd-mynd-me\u00f0-\u00de\u00f3r\u00f0i2\" srcset=\"https:\/\/guitarislancio.is\/wp-content\/uploads\/2021\/11\/Ny-mynd-med-THordi2.jpg 800w, https:\/\/guitarislancio.is\/wp-content\/uploads\/2021\/11\/Ny-mynd-med-THordi2-300x188.jpg 300w, https:\/\/guitarislancio.is\/wp-content\/uploads\/2021\/11\/Ny-mynd-med-THordi2-768x480.jpg 768w, https:\/\/guitarislancio.is\/wp-content\/uploads\/2021\/11\/Ny-mynd-med-THordi2-150x94.jpg 150w\" sizes=\"(max-width: 800px) 100vw, 800px\" \/>\t\t\t\t\t\t\t\t\n\n\t\t\t\t\t\t\t\t\t\t\t\t\t\t\t<\/a>\n\t\t\t\t\t\t\t\t\t\t\t\t<\/div>\n\t\t\t\t\t\t\t\t\t\t\t<div class=\"wd-gallery-item col-lg-4 col-md-4 col-sm-6 col-6\">\n\t\t\t\t\t\t\t\t\t\t\t\t\t\t<a href=\"https:\/\/guitarislancio.is\/wp-content\/uploads\/2021\/12\/9.jpg\" data-elementor-open-lightbox=\"no\" data-index=\"2\" data-width=\"700\" data-height=\"525\"  >\n\t\t\t\t\t\t\t\t\n\t\t\t\t\t\t\t\t\t\t\t\t\t\t\t\t\t<img width=\"700\" height=\"525\" src=\"https:\/\/guitarislancio.is\/wp-content\/uploads\/2021\/12\/9.jpg\" class=\"wd-gallery-image image-2 attachment-full\" alt=\"\" decoding=\"async\" loading=\"lazy\" title=\"9\" srcset=\"https:\/\/guitarislancio.is\/wp-content\/uploads\/2021\/12\/9.jpg 700w, https:\/\/guitarislancio.is\/wp-content\/uploads\/2021\/12\/9-300x225.jpg 300w, https:\/\/guitarislancio.is\/wp-content\/uploads\/2021\/12\/9-150x113.jpg 150w\" sizes=\"(max-width: 700px) 100vw, 700px\" \/>\t\t\t\t\t\t\t\t\n\n\t\t\t\t\t\t\t\t\t\t\t\t\t\t\t<\/a>\n\t\t\t\t\t\t\t\t\t\t\t\t<\/div>\n\t\t\t\t\t\t\t\t\t\t\t<div class=\"wd-gallery-item col-lg-4 col-md-4 col-sm-6 col-6\">\n\t\t\t\t\t\t\t\t\t\t\t\t\t\t<a href=\"https:\/\/guitarislancio.is\/wp-content\/uploads\/2021\/11\/slider-1.jpg\" data-elementor-open-lightbox=\"no\" data-index=\"3\" data-width=\"1920\" data-height=\"1221\"  >\n\t\t\t\t\t\t\t\t\n\t\t\t\t\t\t\t\t\t\t\t\t\t\t\t\t\t<img width=\"1920\" height=\"1221\" src=\"https:\/\/guitarislancio.is\/wp-content\/uploads\/2021\/11\/slider-1.jpg\" class=\"wd-gallery-image image-3 attachment-full\" alt=\"\" decoding=\"async\" loading=\"lazy\" title=\"slider-1\" srcset=\"https:\/\/guitarislancio.is\/wp-content\/uploads\/2021\/11\/slider-1.jpg 1920w, https:\/\/guitarislancio.is\/wp-content\/uploads\/2021\/11\/slider-1-300x191.jpg 300w, https:\/\/guitarislancio.is\/wp-content\/uploads\/2021\/11\/slider-1-1024x651.jpg 1024w, https:\/\/guitarislancio.is\/wp-content\/uploads\/2021\/11\/slider-1-768x488.jpg 768w, https:\/\/guitarislancio.is\/wp-content\/uploads\/2021\/11\/slider-1-1536x977.jpg 1536w, https:\/\/guitarislancio.is\/wp-content\/uploads\/2021\/11\/slider-1-1200x763.jpg 1200w, https:\/\/guitarislancio.is\/wp-content\/uploads\/2021\/11\/slider-1-150x95.jpg 150w\" sizes=\"(max-width: 1920px) 100vw, 1920px\" \/>\t\t\t\t\t\t\t\t\n\n\t\t\t\t\t\t\t\t\t\t\t\t\t\t\t<\/a>\n\t\t\t\t\t\t\t\t\t\t\t\t<\/div>\n\t\t\t\t\t\t\t\t\t\t\t<div class=\"wd-gallery-item col-lg-4 col-md-4 col-sm-6 col-6\">\n\t\t\t\t\t\t\t\t\t\t\t\t\t\t<a href=\"https:\/\/guitarislancio.is\/wp-content\/uploads\/2021\/12\/5.jpg\" data-elementor-open-lightbox=\"no\" data-index=\"4\" data-width=\"1280\" data-height=\"720\"  >\n\t\t\t\t\t\t\t\t\n\t\t\t\t\t\t\t\t\t\t\t\t\t\t\t\t\t<img width=\"1280\" height=\"720\" src=\"https:\/\/guitarislancio.is\/wp-content\/uploads\/2021\/12\/5.jpg\" class=\"wd-gallery-image image-4 attachment-full\" alt=\"\" decoding=\"async\" loading=\"lazy\" title=\"5\" srcset=\"https:\/\/guitarislancio.is\/wp-content\/uploads\/2021\/12\/5.jpg 1280w, https:\/\/guitarislancio.is\/wp-content\/uploads\/2021\/12\/5-300x169.jpg 300w, https:\/\/guitarislancio.is\/wp-content\/uploads\/2021\/12\/5-1024x576.jpg 1024w, https:\/\/guitarislancio.is\/wp-content\/uploads\/2021\/12\/5-768x432.jpg 768w, https:\/\/guitarislancio.is\/wp-content\/uploads\/2021\/12\/5-1200x675.jpg 1200w, https:\/\/guitarislancio.is\/wp-content\/uploads\/2021\/12\/5-150x84.jpg 150w\" sizes=\"(max-width: 1280px) 100vw, 1280px\" \/>\t\t\t\t\t\t\t\t\n\n\t\t\t\t\t\t\t\t\t\t\t\t\t\t\t<\/a>\n\t\t\t\t\t\t\t\t\t\t\t\t<\/div>\n\t\t\t\t\t\t\t\t\t\t\t<div class=\"wd-gallery-item col-lg-4 col-md-4 col-sm-6 col-6\">\n\t\t\t\t\t\t\t\t\t\t\t\t\t\t<a href=\"https:\/\/guitarislancio.is\/wp-content\/uploads\/2021\/12\/2.jpg\" data-elementor-open-lightbox=\"no\" data-index=\"5\" data-width=\"600\" data-height=\"450\"  >\n\t\t\t\t\t\t\t\t\n\t\t\t\t\t\t\t\t\t\t\t\t\t\t\t\t\t<img width=\"600\" height=\"450\" src=\"https:\/\/guitarislancio.is\/wp-content\/uploads\/2021\/12\/2.jpg\" class=\"wd-gallery-image image-5 attachment-full\" alt=\"\" decoding=\"async\" loading=\"lazy\" title=\"2\" srcset=\"https:\/\/guitarislancio.is\/wp-content\/uploads\/2021\/12\/2.jpg 600w, https:\/\/guitarislancio.is\/wp-content\/uploads\/2021\/12\/2-300x225.jpg 300w, https:\/\/guitarislancio.is\/wp-content\/uploads\/2021\/12\/2-150x113.jpg 150w\" sizes=\"(max-width: 600px) 100vw, 600px\" \/>\t\t\t\t\t\t\t\t\n\n\t\t\t\t\t\t\t\t\t\t\t\t\t\t\t<\/a>\n\t\t\t\t\t\t\t\t\t\t\t\t<\/div>\n\t\t\t\t\t\t\t\t\t\t\t<div class=\"wd-gallery-item col-lg-4 col-md-4 col-sm-6 col-6\">\n\t\t\t\t\t\t\t\t\t\t\t\t\t\t<a href=\"https:\/\/guitarislancio.is\/wp-content\/uploads\/2021\/12\/4.jpg\" data-elementor-open-lightbox=\"no\" data-index=\"6\" data-width=\"800\" data-height=\"561\"  >\n\t\t\t\t\t\t\t\t\n\t\t\t\t\t\t\t\t\t\t\t\t\t\t\t\t\t<img width=\"800\" height=\"561\" src=\"https:\/\/guitarislancio.is\/wp-content\/uploads\/2021\/12\/4.jpg\" class=\"wd-gallery-image image-6 attachment-full\" alt=\"\" decoding=\"async\" loading=\"lazy\" title=\"4\" srcset=\"https:\/\/guitarislancio.is\/wp-content\/uploads\/2021\/12\/4.jpg 800w, https:\/\/guitarislancio.is\/wp-content\/uploads\/2021\/12\/4-300x210.jpg 300w, https:\/\/guitarislancio.is\/wp-content\/uploads\/2021\/12\/4-768x539.jpg 768w, https:\/\/guitarislancio.is\/wp-content\/uploads\/2021\/12\/4-150x105.jpg 150w\" sizes=\"(max-width: 800px) 100vw, 800px\" \/>\t\t\t\t\t\t\t\t\n\n\t\t\t\t\t\t\t\t\t\t\t\t\t\t\t<\/a>\n\t\t\t\t\t\t\t\t\t\t\t\t<\/div>\n\t\t\t\t\t\t\t\t\t\t\t<div class=\"wd-gallery-item col-lg-4 col-md-4 col-sm-6 col-6\">\n\t\t\t\t\t\t\t\t\t\t\t\t\t\t<a href=\"https:\/\/guitarislancio.is\/wp-content\/uploads\/2021\/12\/11.jpg\" data-elementor-open-lightbox=\"no\" data-index=\"7\" data-width=\"1000\" data-height=\"667\"  >\n\t\t\t\t\t\t\t\t\n\t\t\t\t\t\t\t\t\t\t\t\t\t\t\t\t\t<img width=\"1000\" height=\"667\" src=\"https:\/\/guitarislancio.is\/wp-content\/uploads\/2021\/12\/11.jpg\" class=\"wd-gallery-image image-7 attachment-full\" alt=\"\" decoding=\"async\" loading=\"lazy\" title=\"11\" srcset=\"https:\/\/guitarislancio.is\/wp-content\/uploads\/2021\/12\/11.jpg 1000w, https:\/\/guitarislancio.is\/wp-content\/uploads\/2021\/12\/11-300x200.jpg 300w, https:\/\/guitarislancio.is\/wp-content\/uploads\/2021\/12\/11-768x512.jpg 768w, https:\/\/guitarislancio.is\/wp-content\/uploads\/2021\/12\/11-150x100.jpg 150w\" sizes=\"(max-width: 1000px) 100vw, 1000px\" \/>\t\t\t\t\t\t\t\t\n\n\t\t\t\t\t\t\t\t\t\t\t\t\t\t\t<\/a>\n\t\t\t\t\t\t\t\t\t\t\t\t<\/div>\n\t\t\t\t\t\t\t\t\t\t\t<div class=\"wd-gallery-item col-lg-4 col-md-4 col-sm-6 col-6\">\n\t\t\t\t\t\t\t\t\t\t\t\t\t\t<a href=\"https:\/\/guitarislancio.is\/wp-content\/uploads\/2022\/01\/trioid.jpg\" data-elementor-open-lightbox=\"no\" data-index=\"8\" data-width=\"960\" data-height=\"690\"  >\n\t\t\t\t\t\t\t\t\n\t\t\t\t\t\t\t\t\t\t\t\t\t\t\t\t\t<img width=\"960\" height=\"690\" src=\"https:\/\/guitarislancio.is\/wp-content\/uploads\/2022\/01\/trioid.jpg\" class=\"wd-gallery-image image-8 attachment-full\" alt=\"\" decoding=\"async\" loading=\"lazy\" title=\"trioid\" srcset=\"https:\/\/guitarislancio.is\/wp-content\/uploads\/2022\/01\/trioid.jpg 960w, https:\/\/guitarislancio.is\/wp-content\/uploads\/2022\/01\/trioid-300x216.jpg 300w, https:\/\/guitarislancio.is\/wp-content\/uploads\/2022\/01\/trioid-768x552.jpg 768w\" sizes=\"(max-width: 960px) 100vw, 960px\" \/>\t\t\t\t\t\t\t\t\n\n\t\t\t\t\t\t\t\t\t\t\t\t\t\t\t<\/a>\n\t\t\t\t\t\t\t\t\t\t\t\t<\/div>\n\t\t\t\t\t\t\t\t\t\t\t<div class=\"wd-gallery-item col-lg-4 col-md-4 col-sm-6 col-6\">\n\t\t\t\t\t\t\t\t\t\t\t\t\t\t<a href=\"https:\/\/guitarislancio.is\/wp-content\/uploads\/2022\/01\/6-6.06-2021-scaled.jpg\" data-elementor-open-lightbox=\"no\" data-index=\"9\" data-width=\"2560\" data-height=\"1705\"  >\n\t\t\t\t\t\t\t\t\n\t\t\t\t\t\t\t\t\t\t\t\t\t\t\t\t\t<img width=\"2560\" height=\"1705\" src=\"https:\/\/guitarislancio.is\/wp-content\/uploads\/2022\/01\/6-6.06-2021-scaled.jpg\" class=\"wd-gallery-image image-9 attachment-full\" alt=\"\" decoding=\"async\" loading=\"lazy\" title=\"#6 6.06 2021\" srcset=\"https:\/\/guitarislancio.is\/wp-content\/uploads\/2022\/01\/6-6.06-2021-scaled.jpg 2560w, https:\/\/guitarislancio.is\/wp-content\/uploads\/2022\/01\/6-6.06-2021-300x200.jpg 300w, https:\/\/guitarislancio.is\/wp-content\/uploads\/2022\/01\/6-6.06-2021-1024x682.jpg 1024w, https:\/\/guitarislancio.is\/wp-content\/uploads\/2022\/01\/6-6.06-2021-768x512.jpg 768w, https:\/\/guitarislancio.is\/wp-content\/uploads\/2022\/01\/6-6.06-2021-1536x1023.jpg 1536w, https:\/\/guitarislancio.is\/wp-content\/uploads\/2022\/01\/6-6.06-2021-2048x1364.jpg 2048w\" sizes=\"(max-width: 2560px) 100vw, 2560px\" \/>\t\t\t\t\t\t\t\t\n\n\t\t\t\t\t\t\t\t\t\t\t\t\t\t\t<\/a>\n\t\t\t\t\t\t\t\t\t\t\t\t<\/div>\n\t\t\t\t\t\t\t\t\t\t\t\t<\/div>\n\t\t<\/div>\n\t\t\t\t[\/vc_column][\/vc_row]<\/p>\n","protected":false},"excerpt":{"rendered":"<p>[vc_row css=&#8220;.vc_custom_1535554845048{margin-bottom: 8vh !important;}&#8220;][vc_column][\/vc_column][\/vc_row]<\/p>\n","protected":false},"author":1,"featured_media":0,"parent":0,"menu_order":5,"comment_status":"closed","ping_status":"closed","template":"","meta":[],"_links":{"self":[{"href":"https:\/\/guitarislancio.is\/de\/wp-json\/wp\/v2\/pages\/9392"}],"collection":[{"href":"https:\/\/guitarislancio.is\/de\/wp-json\/wp\/v2\/pages"}],"about":[{"href":"https:\/\/guitarislancio.is\/de\/wp-json\/wp\/v2\/types\/page"}],"author":[{"embeddable":true,"href":"https:\/\/guitarislancio.is\/de\/wp-json\/wp\/v2\/users\/1"}],"replies":[{"embeddable":true,"href":"https:\/\/guitarislancio.is\/de\/wp-json\/wp\/v2\/comments?post=9392"}],"version-history":[{"count":24,"href":"https:\/\/guitarislancio.is\/de\/wp-json\/wp\/v2\/pages\/9392\/revisions"}],"predecessor-version":[{"id":9944,"href":"https:\/\/guitarislancio.is\/de\/wp-json\/wp\/v2\/pages\/9392\/revisions\/9944"}],"wp:attachment":[{"href":"https:\/\/guitarislancio.is\/de\/wp-json\/wp\/v2\/media?parent=9392"}],"curies":[{"name":"wp","href":"https:\/\/api.w.org\/{rel}","templated":true}]}}