{"id":9258,"date":"2021-12-29T20:13:13","date_gmt":"2021-12-29T20:13:13","guid":{"rendered":"http:\/\/guitarislancio.is\/heimat\/"},"modified":"2024-12-31T10:32:45","modified_gmt":"2024-12-31T10:32:45","slug":"heimat","status":"publish","type":"page","link":"https:\/\/guitarislancio.is\/de\/","title":{"rendered":"Startseite"},"content":{"rendered":"<p>[vc_row full_width=&#8220;stretch_row_content_no_spaces&#8220; css=&#8220;.vc_custom_1638377378241{margin-top: -40px !important;margin-bottom: 6px !important;background-color: #f8f8f8 !important;}&#8220; woodmart_css_id=&#8220;61a7a79c963d6&#8243; responsive_spacing=&#8220;eyJwYXJhbV90eXBlIjoid29vZG1hcnRfcmVzcG9uc2l2ZV9zcGFjaW5nIiwic2VsZWN0b3JfaWQiOiI2MWE3YTc5Yzk2M2Q2Iiwic2hvcnRjb2RlIjoidmNfcm93IiwiZGF0YSI6eyJ0YWJsZXQiOnt9LCJtb2JpbGUiOnt9fX0=&#8220; mobile_bg_img_hidden=&#8220;no&#8220; tablet_bg_img_hidden=&#8220;no&#8220; woodmart_parallax=&#8220;0&#8243; woodmart_gradient_switch=&#8220;no&#8220; woodmart_box_shadow=&#8220;no&#8220; wd_z_index=&#8220;no&#8220; woodmart_disable_overflow=&#8220;0&#8243; row_reverse_mobile=&#8220;0&#8243; row_reverse_tablet=&#8220;0&#8243;][vc_column css=&#8220;.vc_custom_1525355176328{padding-top: 0px !important;}&#8220;][rev_slider_vc alias=&#8220;books1&#8243;][\/vc_column][\/vc_row][vc_row full_width=&#8220;stretch_row_content_no_spaces&#8220; css=&#8220;.vc_custom_1496843273284{margin-bottom: 8vh !important;padding-right: 5px !important;padding-left: 5px !important;}&#8220;][vc_column css=&#8220;.vc_custom_1490874937736{padding-top: 0px !important;}&#8220;]\t\t\t<link rel=\"stylesheet\" id=\"wd-owl-carousel-css\" href=\"https:\/\/guitarislancio.is\/wp-content\/themes\/woodmart\/css\/parts\/lib-owl-carousel.min.css?ver=6.5.4\" type=\"text\/css\" media=\"all\" \/> \t\t\t\n\t\t\t<div id=\"carousel-329\" class=\"wd-carousel-container banners-carousel-wrapper  wd-carousel-spacing-6\" data-owl-carousel data-hide_pagination_control=\"yes\" data-hide_prev_next_buttons=\"yes\" data-dragEndSpeed=\"600\" data-desktop=\"3\" data-tablet_landscape=\"3\" data-tablet=\"2\" data-mobile=\"1\">\n\t\t\t\t<div class=\"owl-carousel banners-carousel   owl-items-lg-3 owl-items-md-3 owl-items-sm-2 owl-items-xs-1 wd-rs-69d006f07462a\" >\n\t\t\t\t\t\t\t\t<link rel=\"stylesheet\" id=\"wd-banner-css\" href=\"https:\/\/guitarislancio.is\/wp-content\/themes\/woodmart\/css\/parts\/wpb-el-banner.min.css?ver=6.5.4\" type=\"text\/css\" media=\"all\" \/> \t\t\t\t\t\t<link rel=\"stylesheet\" id=\"wd-mod-highlighted-text-css\" href=\"https:\/\/guitarislancio.is\/wp-content\/themes\/woodmart\/css\/parts\/mod-highlighted-text.min.css?ver=6.5.4\" type=\"text\/css\" media=\"all\" \/> \t\t\t\t\t<div class=\"promo-banner-wrapper  wd-rs-61ba03d7f3776 \">\n\t\t\t<div id=\"wd-61ba03d7f3776\" class=\"promo-banner  banner-mask banner-hover-zoom color-scheme-light banner-btn-size-default banner-btn-style-link wd-width-enabled banner-increased-padding  cursor-pointer wd-underline-colored\" style=\"--wd-max-width: 50%;\"\t\t\t\t onclick=\"window.location.href='http:\/\/guitarislancio.is\/de\/die-mitglieder\/bjoern-thoroddsen\/'\"\t\t\t>\n\t\t\t\t<div class=\"main-wrapp-img\">\n\t\t\t\t\t<div class=\"banner-image wd-bg-position-center\" >\n\t\t\t\t\t\t<img class=\"promo-banner-image \" src=\"https:\/\/guitarislancio.is\/wp-content\/uploads\/2021\/11\/trio-bjorn.jpg\" width=\"600\" height=\"400\" alt=\"trio-bjorn\" title=\"trio-bjorn\" \/>\t\t\t\t\t<\/div>\n\t\t\t\t<\/div>\n\n\t\t\t\t<div class=\"wrapper-content-banner wd-fill  wd-items-bottom wd-justify-right\">\n\t\t\t\t\t<div class=\"content-banner text-right\">\n\t\t\t\t\t\t<div class=\"banner-title-wrap\">\n\t\t\t\t\t\t\t<h4 class=\"banner-title wd-font-weight- wd-fontsize-xxl\">Bj\u00f6rn Thoroddsen<\/h4>\t\t\t\t\t\t<\/div>\n\t\t\t\t\t\t\t\t\t\t\t\t\t\t\t\t\t<\/div>\n\t\t\t\t<\/div>\n\t\t\t\t\t\t\t<\/div>\n\t\t<\/div>\n\n\t\t\t\t<div class=\"promo-banner-wrapper  wd-rs-61d2ebcfca195 \">\n\t\t\t<div id=\"wd-61d2ebcfca195\" class=\"promo-banner  banner-mask banner-hover-zoom color-scheme-light banner-btn-size-default banner-btn-style-link wd-width-enabled banner-increased-padding  cursor-pointer wd-underline-colored\" style=\"--wd-max-width: 50%;\"\t\t\t\t onclick=\"window.location.href='http:\/\/guitarislancio.is\/de\/die-mitglieder\/jon-rafnsson\/'\"\t\t\t>\n\t\t\t\t<div class=\"main-wrapp-img\">\n\t\t\t\t\t<div class=\"banner-image wd-bg-position-center\" >\n\t\t\t\t\t\t<img class=\"promo-banner-image \" src=\"https:\/\/guitarislancio.is\/wp-content\/uploads\/2021\/11\/trio-jon.jpg\" width=\"600\" height=\"400\" alt=\"trio-jon\" title=\"trio-jon\" \/>\t\t\t\t\t<\/div>\n\t\t\t\t<\/div>\n\n\t\t\t\t<div class=\"wrapper-content-banner wd-fill  wd-items-bottom wd-justify-right\">\n\t\t\t\t\t<div class=\"content-banner text-right\">\n\t\t\t\t\t\t<div class=\"banner-title-wrap\">\n\t\t\t\t\t\t\t<h4 class=\"banner-title wd-font-weight- wd-fontsize-xxl\">J\u00f3n Rafnsson<\/h4>\t\t\t\t\t\t<\/div>\n\t\t\t\t\t\t\t\t\t\t\t\t\t\t\t\t\t<\/div>\n\t\t\t\t<\/div>\n\t\t\t\t\t\t\t<\/div>\n\t\t<\/div>\n\n\t\t\t\t<div class=\"promo-banner-wrapper  wd-rs-61d2ebe7a904d \">\n\t\t\t<div id=\"wd-61d2ebe7a904d\" class=\"promo-banner  banner-mask banner-hover-zoom color-scheme-light banner-btn-size-default banner-btn-style-link wd-width-enabled banner-increased-padding  cursor-pointer wd-underline-colored\" style=\"--wd-max-width: 50%;\"\t\t\t\t onclick=\"window.location.href='http:\/\/guitarislancio.is\/de\/die-mitglieder\/thordur-arnason\/'\"\t\t\t>\n\t\t\t\t<div class=\"main-wrapp-img\">\n\t\t\t\t\t<div class=\"banner-image wd-bg-position-center\" >\n\t\t\t\t\t\t<img class=\"promo-banner-image \" src=\"https:\/\/guitarislancio.is\/wp-content\/uploads\/2021\/11\/trio-thordur.jpg\" width=\"600\" height=\"400\" alt=\"trio-thordur\" title=\"trio-thordur\" \/>\t\t\t\t\t<\/div>\n\t\t\t\t<\/div>\n\n\t\t\t\t<div class=\"wrapper-content-banner wd-fill  wd-items-bottom wd-justify-right\">\n\t\t\t\t\t<div class=\"content-banner text-right\">\n\t\t\t\t\t\t<div class=\"banner-title-wrap\">\n\t\t\t\t\t\t\t<h4 class=\"banner-title wd-font-weight- wd-fontsize-xxl\">\u00de\u00f3r\u00f0ur \u00c1rnason<\/h4>\t\t\t\t\t\t<\/div>\n\t\t\t\t\t\t\t\t\t\t\t\t\t\t\t\t\t<\/div>\n\t\t\t\t<\/div>\n\t\t\t\t\t\t\t<\/div>\n\t\t<\/div>\n\n\t\t\t\t\t\t<\/div>\n\t\t\t<\/div>\n\n\t\t[\/vc_column][\/vc_row][vc_row content_placement=&#8220;middle&#8220; css=&#8220;.vc_custom_1525353347081{margin-bottom: 4vh !important;}&#8220;][vc_column css=&#8220;.vc_custom_1525687309771{margin-bottom: 4vh !important;}&#8220; offset=&#8220;vc_col-lg-5 vc_col-md-5&#8243;][vc_single_image image=&#8220;9004&#8243; img_size=&#8220;full&#8220; alignment=&#8220;center&#8220; css=&#8220;.vc_custom_1640714718547{margin-bottom: 0px !important;}&#8220; parallax_scroll=&#8220;no&#8220; woodmart_inline=&#8220;no&#8220;][\/vc_column][vc_column woodmart_bg_position=&#8220;right-center&#8220; css=&#8220;.vc_custom_1525942102492{margin-bottom: 4vh !important;padding-right: 8% !important;padding-left: 8% !important;background-image: url(http:\/\/guitarislancio.is\/wp-content\/uploads\/2018\/05\/book-quotes-svg.svg?id=1527) !important;background-position: 0 0 !important;background-repeat: no-repeat !important;}&#8220; offset=&#8220;vc_col-lg-7 vc_col-md-7&#8243;]\t\t\t<link rel=\"stylesheet\" id=\"wd-responsive-text-css\" href=\"https:\/\/guitarislancio.is\/wp-content\/themes\/woodmart\/css\/parts\/el-responsive-text.min.css?ver=6.5.4\" type=\"text\/css\" media=\"all\" \/> \t\t\t\t\t\t<div id=\"wd-6773c7ca3d674\" class=\"wd-text-block-wrapper wd-wpb wd-rs-6773c7ca3d674 color-scheme-dark text-left vc_custom_1735641040524\">\n\t\t\t\t<div class=\"woodmart-title-container woodmart-text-block reset-last-child font-primary wd-font-weight-600 wd-fontsize-xxl\">\n\t\t\t\t\t<\/p>\n<h5 id=\"tw-target-text\" class=\"tw-data-text tw-text-large tw-ta\" dir=\"ltr\" data-placeholder=\"\u00de\u00fd\u00f0ing\"><\/h5>\n<p>\t\t\t\t<\/div>\n\n\t\t\t\t\t\t\t<\/div>\n\t\t\t\t\t<div id=\"wd-63e574e65a5bc\" class=\"wd-text-block-wrapper wd-wpb wd-rs-63e574e65a5bc color-scheme- text-left wd-width-enabled vc_custom_1675982063014\" style=\"--wd-max-width: 90%;\">\n\t\t\t\t<div class=\"woodmart-title-container woodmart-text-block reset-last-child font-text wd-font-weight-400 wd-fontsize-m\">\n\t\t\t\t\t\t\t\t\t<\/div>\n\n\t\t\t\t\t\t\t<\/div>\n\t\t[\/vc_column][\/vc_row][vc_row full_width=&#8220;stretch_row_content&#8220; content_placement=&#8220;middle&#8220; css=&#8220;.vc_custom_1523621161048{margin-top: -40px !important;}&#8220;][vc_column width=&#8220;1\/2&#8243; css=&#8220;.vc_custom_1525941139182{padding-top: 8vh !important;padding-bottom: 4vh !important;background-image: url(http:\/\/dummy.xtemos.com\/woodmart\/demos\/wp-content\/uploads\/sites\/2\/2017\/06\/wood-main-bg.jpg?id=44) !important;background-position: center !important;background-repeat: no-repeat !important;background-size: cover !important;}&#8220;][vc_single_image image=&#8220;9951&#8243; img_size=&#8220;500&#215;451&#8243; alignment=&#8220;right&#8220; scroll_x=&#8220;0&#8243; scroll_y=&#8220;-40&#8243; scroll_z=&#8220;0&#8243; parallax_scroll=&#8220;yes&#8220; css=&#8220;.vc_custom_1641810787591{margin-right: -60px !important;margin-bottom: 0px !important;padding-top: 4vh !important;padding-bottom: 4vh !important;}&#8220; woodmart_inline=&#8220;no&#8220;][\/vc_column][vc_column width=&#8220;1\/2&#8243; scroll_x=&#8220;0&#8243; scroll_y=&#8220;30&#8243; scroll_z=&#8220;0&#8243; parallax_scroll=&#8220;yes&#8220; css=&#8220;.vc_custom_1525683911075{padding-top: 5vh !important;padding-right: 15% !important;padding-bottom: 5vh !important;padding-left: 15% !important;}&#8220;]\t\t\t<div id=\"wd-619bd7fa4af4c\" class=\"wd-text-block-wrapper wd-wpb wd-rs-619bd7fa4af4c color-scheme-custom text-left vc_custom_1637603335021\">\n\t\t\t\t<div class=\"woodmart-title-container woodmart-text-block reset-last-child font-text wd-font-weight-400 wd-fontsize-xl\">\n\t\t\t\t\tCD\t\t\t\t<\/div>\n\n\t\t\t\t\t\t\t<\/div>\n\t\t\t\t\t<div id=\"wd-619bd63f1326d\" class=\"wd-text-block-wrapper wd-wpb wd-rs-619bd63f1326d color-scheme-dark text-left vc_custom_1637602906539\">\n\t\t\t\t<div class=\"woodmart-title-container woodmart-text-block reset-last-child font-primary wd-font-weight-400 \">\n\t\t\t\t\tIsl\u00e4ndische <span class=\"color-primary\">Volkslieder<\/span><br \/>\n\t\t\t\t<\/div>\n\n\t\t\t\t\t\t\t<\/div>\n\t\t\t\t\t<div id=\"wd-61ccdd3f33398\" class=\"wd-text-block-wrapper wd-wpb wd-rs-61ccdd3f33398 color-scheme- text-left wd-width-enabled vc_custom_1640815941099\" style=\"--wd-max-width: 80%;\">\n\t\t\t\t<div class=\"woodmart-title-container woodmart-text-block reset-last-child font-text wd-font-weight-400 wd-fontsize-m\">\n\t\t\t\t\t15 Isl\u00e4ndische Volkslieder\t\t\t\t<\/div>\n\n\t\t\t\t\t\t\t<\/div>\n\t\t<div id=\"wd-61ded3d88b222\" class=\" wd-rs-61ded3d88b222  wd-button-wrapper text-center inline-element\"><a href=\"https:\/\/guitarislancio.is\/de\/portfolio\/folkslieder-cd-jrcd018\/\" title=\"Volkslieder \u2013 CD (JRCD018)\" class=\"btn btn-color-black btn-style-default btn-style-round btn-size-default\">WEITERLESEN<\/a><\/div>[\/vc_column][\/vc_row][vc_row full_width=&#8220;stretch_row_content&#8220; content_placement=&#8220;middle&#8220; row_reverse_mobile=&#8220;1&#8243;][vc_column width=&#8220;1\/2&#8243; scroll_x=&#8220;0&#8243; scroll_y=&#8220;-30&#8243; scroll_z=&#8220;0&#8243; woodmart_text_align=&#8220;right&#8220; parallax_scroll=&#8220;yes&#8220; css=&#8220;.vc_custom_1525683905241{margin-bottom: 4vh !important;padding-top: 5vh !important;padding-right: 15% !important;padding-bottom: 5vh !important;padding-left: 15% !important;}&#8220;]\t\t\t<div id=\"wd-61cb8a3306c93\" class=\"wd-text-block-wrapper wd-wpb wd-rs-61cb8a3306c93 color-scheme-custom text-right vc_custom_1640729147790\">\n\t\t\t\t<div class=\"woodmart-title-container woodmart-text-block reset-last-child font-text wd-font-weight-400 wd-fontsize-xl\">\n\t\t\t\t\tVINYL\t\t\t\t<\/div>\n\n\t\t\t\t\t\t\t<\/div>\n\t\t\t\t\t<div id=\"wd-619bd89016cea\" class=\"wd-text-block-wrapper wd-wpb wd-rs-619bd89016cea color-scheme-dark text-right vc_custom_1637603487742\">\n\t\t\t\t<div class=\"woodmart-title-container woodmart-text-block reset-last-child font-primary wd-font-weight-400 \">\n\t\t\t\t\tIsl\u00e4ndische <span class=\"color-primary\">Volkslieder<\/span>\t\t\t\t<\/div>\n\n\t\t\t\t\t\t\t<\/div>\n\t\t\t\t\t<div id=\"wd-61ce1231211d4\" class=\"wd-text-block-wrapper wd-wpb wd-rs-61ce1231211d4 color-scheme- text-right wd-width-enabled vc_custom_1640895101784\" style=\"--wd-max-width: 80%;\">\n\t\t\t\t<div class=\"woodmart-title-container woodmart-text-block reset-last-child font-text wd-font-weight-400 wd-fontsize-m\">\n\t\t\t\t\t12 Isl\u00e4ndische Volkslieder\t\t\t\t<\/div>\n\n\t\t\t\t\t\t\t<\/div>\n\t\t<div id=\"wd-61ded3ee5dc46\" class=\" wd-rs-61ded3ee5dc46  wd-button-wrapper text-center inline-element\"><a href=\"https:\/\/guitarislancio.is\/de\/portfolio\/volkslieder-vinyl-jrlp020\/\" title=\"Volkslieder \u2013 Vinyl (JRLP020)\" class=\"btn btn-color-black btn-style-default btn-style-round btn-size-default\">WEITERLESEN<\/a><\/div>[\/vc_column][vc_column width=&#8220;1\/2&#8243; css=&#8220;.vc_custom_1525940944991{margin-bottom: 4vh !important;padding-top: 4vh !important;padding-bottom: 8vh !important;background-image: url(http:\/\/dummy.xtemos.com\/woodmart\/demos\/wp-content\/uploads\/sites\/2\/2017\/06\/wood-main-bg.jpg?id=44) !important;background-position: center !important;background-repeat: no-repeat !important;background-size: cover !important;}&#8220;][vc_single_image image=&#8220;9567&#8243; img_size=&#8220;500&#215;511&#8243; scroll_x=&#8220;0&#8243; scroll_y=&#8220;40&#8243; scroll_z=&#8220;0&#8243; parallax_scroll=&#8220;yes&#8220; css=&#8220;.vc_custom_1641463610755{margin-bottom: 0px !important;margin-left: -60px !important;padding-top: 4vh !important;padding-bottom: 4vh !important;}&#8220; woodmart_inline=&#8220;no&#8220;][\/vc_column][\/vc_row][vc_row full_width=&#8220;stretch_row_content&#8220; content_placement=&#8220;middle&#8220; css=&#8220;.vc_custom_1523621161048{margin-top: -40px !important;}&#8220;][vc_column width=&#8220;1\/2&#8243; css=&#8220;.vc_custom_1525941139182{padding-top: 8vh !important;padding-bottom: 4vh !important;background-image: url(http:\/\/dummy.xtemos.com\/woodmart\/demos\/wp-content\/uploads\/sites\/2\/2017\/06\/wood-main-bg.jpg?id=44) !important;background-position: center !important;background-repeat: no-repeat !important;background-size: cover !important;}&#8220;][vc_single_image image=&#8220;8998&#8243; img_size=&#8220;500&#215;667&#8243; alignment=&#8220;right&#8220; scroll_x=&#8220;0&#8243; scroll_y=&#8220;-40&#8243; scroll_z=&#8220;0&#8243; parallax_scroll=&#8220;yes&#8220; css=&#8220;.vc_custom_1637603729646{margin-right: -60px !important;margin-bottom: 0px !important;padding-top: 4vh !important;padding-bottom: 4vh !important;}&#8220; woodmart_inline=&#8220;no&#8220;][\/vc_column][vc_column width=&#8220;1\/2&#8243; scroll_x=&#8220;0&#8243; scroll_y=&#8220;30&#8243; scroll_z=&#8220;0&#8243; parallax_scroll=&#8220;yes&#8220; css=&#8220;.vc_custom_1525683911075{padding-top: 5vh !important;padding-right: 15% !important;padding-bottom: 5vh !important;padding-left: 15% !important;}&#8220;]\t\t\t<div id=\"wd-619bd93ef3b32\" class=\"wd-text-block-wrapper wd-wpb wd-rs-619bd93ef3b32 color-scheme-custom text-left vc_custom_1637603654422\">\n\t\t\t\t<div class=\"woodmart-title-container woodmart-text-block reset-last-child font-text wd-font-weight-400 wd-fontsize-xl\">\n\t\t\t\t\tBUCH\t\t\t\t<\/div>\n\n\t\t\t\t\t\t\t<\/div>\n\t\t\t\t\t<div id=\"wd-619bd9a619049\" class=\"wd-text-block-wrapper wd-wpb wd-rs-619bd9a619049 color-scheme-dark text-left vc_custom_1637603756876\">\n\t\t\t\t<div class=\"woodmart-title-container woodmart-text-block reset-last-child font-primary wd-font-weight-400 \">\n\t\t\t\t\tIsl\u00e4ndische <span class=\"color-primary\">Volkslieder<\/span> arrangiert von Guitar Islancio\t\t\t\t<\/div>\n\n\t\t\t\t\t\t\t<\/div>\n\t\t\t\t\t<div id=\"wd-619bd9638329e\" class=\"wd-text-block-wrapper wd-wpb wd-rs-619bd9638329e color-scheme- text-left wd-width-enabled vc_custom_1637603687164\" style=\"--wd-max-width: 80%;\">\n\t\t\t\t<div class=\"woodmart-title-container woodmart-text-block reset-last-child font-text wd-font-weight-400 wd-fontsize-m\">\n\t\t\t\t\t22 Isl\u00e4ndische Volkslieder arrangiert von Guitar Islancio\t\t\t\t<\/div>\n\n\t\t\t\t\t\t\t<\/div>\n\t\t<div id=\"wd-61ded3f75b7e4\" class=\" wd-rs-61ded3f75b7e4  wd-button-wrapper text-center inline-element\"><a href=\"https:\/\/guitarislancio.is\/de\/portfolio\/islaendische-volkslieder-arrangiert-von-guitar-islancio-buch-jrbk019\/\" title=\"\" class=\"btn btn-color-black btn-style-default btn-style-round btn-size-default\">WEITERLESEN<\/a><\/div>[\/vc_column][\/vc_row][vc_row full_width=&#8220;stretch_row&#8220; full_height=&#8220;yes&#8220; css=&#8220;.vc_custom_1638377312573{margin-bottom: -40px !important;background-image: url(http:\/\/guitarislancio.is\/wp-content\/uploads\/2021\/11\/slider-1.jpg?id=8728) !important;background-position: center !important;background-repeat: no-repeat !important;background-size: cover !important;}&#8220; woodmart_css_id=&#8220;61a7a73b8efb1&#8243; responsive_spacing=&#8220;eyJwYXJhbV90eXBlIjoid29vZG1hcnRfcmVzcG9uc2l2ZV9zcGFjaW5nIiwic2VsZWN0b3JfaWQiOiI2MWE3YTczYjhlZmIxIiwic2hvcnRjb2RlIjoidmNfcm93IiwiZGF0YSI6eyJ0YWJsZXQiOnt9LCJtb2JpbGUiOnt9fX0=&#8220; mobile_bg_img_hidden=&#8220;no&#8220; tablet_bg_img_hidden=&#8220;no&#8220; woodmart_parallax=&#8220;0&#8243; woodmart_gradient_switch=&#8220;no&#8220; woodmart_box_shadow=&#8220;no&#8220; wd_z_index=&#8220;no&#8220; woodmart_disable_overflow=&#8220;0&#8243; row_reverse_mobile=&#8220;0&#8243; row_reverse_tablet=&#8220;0&#8243;][vc_column][\/vc_column][\/vc_row]<\/p>\n","protected":false},"excerpt":{"rendered":"<p>[vc_row full_width=&#8220;stretch_row_content_no_spaces&#8220; css=&#8220;.vc_custom_1638377378241{margin-top: -40px !important;margin-bottom: 6px !important;background-color: #f8f8f8 !important;}&#8220; woodmart_css_id=&#8220;61a7a79c963d6&#8243; responsive_spacing=&#8220;eyJwYXJhbV90eXBlIjoid29vZG1hcnRfcmVzcG9uc2l2ZV9zcGFjaW5nIiwic2VsZWN0b3JfaWQiOiI2MWE3YTc5Yzk2M2Q2Iiwic2hvcnRjb2RlIjoidmNfcm93IiwiZGF0YSI6eyJ0YWJsZXQiOnt9LCJtb2JpbGUiOnt9fX0=&#8220; mobile_bg_img_hidden=&#8220;no&#8220; tablet_bg_img_hidden=&#8220;no&#8220; woodmart_parallax=&#8220;0&#8243; woodmart_gradient_switch=&#8220;no&#8220; woodmart_box_shadow=&#8220;no&#8220; wd_z_index=&#8220;no&#8220; woodmart_disable_overflow=&#8220;0&#8243; row_reverse_mobile=&#8220;0&#8243; row_reverse_tablet=&#8220;0&#8243;][vc_column<\/p>\n","protected":false},"author":1,"featured_media":0,"parent":0,"menu_order":1,"comment_status":"closed","ping_status":"closed","template":"","meta":[],"_links":{"self":[{"href":"https:\/\/guitarislancio.is\/de\/wp-json\/wp\/v2\/pages\/9258"}],"collection":[{"href":"https:\/\/guitarislancio.is\/de\/wp-json\/wp\/v2\/pages"}],"about":[{"href":"https:\/\/guitarislancio.is\/de\/wp-json\/wp\/v2\/types\/page"}],"author":[{"embeddable":true,"href":"https:\/\/guitarislancio.is\/de\/wp-json\/wp\/v2\/users\/1"}],"replies":[{"embeddable":true,"href":"https:\/\/guitarislancio.is\/de\/wp-json\/wp\/v2\/comments?post=9258"}],"version-history":[{"count":38,"href":"https:\/\/guitarislancio.is\/de\/wp-json\/wp\/v2\/pages\/9258\/revisions"}],"predecessor-version":[{"id":10255,"href":"https:\/\/guitarislancio.is\/de\/wp-json\/wp\/v2\/pages\/9258\/revisions\/10255"}],"wp:attachment":[{"href":"https:\/\/guitarislancio.is\/de\/wp-json\/wp\/v2\/media?parent=9258"}],"curies":[{"name":"wp","href":"https:\/\/api.w.org\/{rel}","templated":true}]}}