{"id":9225,"date":"2021-12-29T19:07:21","date_gmt":"2021-12-29T19:07:21","guid":{"rendered":"http:\/\/guitarislancio.is\/die-mitglieder\/jon-rafnsson\/"},"modified":"2022-01-10T20:43:27","modified_gmt":"2022-01-10T20:43:27","slug":"jon-rafnsson","status":"publish","type":"page","link":"https:\/\/guitarislancio.is\/de\/die-mitglieder\/jon-rafnsson\/","title":{"rendered":"J\u00f3n Rafnsson"},"content":{"rendered":"<p>[vc_row][vc_column width=&#8220;1\/2&#8243;]\t\t\t<link rel=\"stylesheet\" id=\"wd-image-gallery-css\" href=\"https:\/\/guitarislancio.is\/wp-content\/themes\/woodmart\/css\/parts\/el-gallery.min.css?ver=6.5.4\" type=\"text\/css\" media=\"all\" \/> \t\t\t\t\t<div id=\"gallery_992\" class=\"wd-images-gallery wd-rs-61a7963f7cc87 wd-justify-center wd-items-middle view-grid\" >\n\t\t\t<div class=\"gallery-images row wd-spacing-2\">\n\t\t\t\t\t\t\t\t\t\t\t\t\t\t\t<div class=\"wd-gallery-item col-lg-12 col-md-12 col-sm-12 col-12\">\n\t\t\t\t\t\t\t\n\t\t\t\t\t\t\t\t\t\t\t\t\t\t\t\t\t<img width=\"600\" height=\"400\" src=\"https:\/\/guitarislancio.is\/wp-content\/uploads\/2021\/11\/trio-jon.jpg\" class=\"wd-gallery-image image-1 attachment-full\" alt=\"\" decoding=\"async\" loading=\"lazy\" title=\"trio-jon\" srcset=\"https:\/\/guitarislancio.is\/wp-content\/uploads\/2021\/11\/trio-jon.jpg 600w, https:\/\/guitarislancio.is\/wp-content\/uploads\/2021\/11\/trio-jon-300x200.jpg 300w, https:\/\/guitarislancio.is\/wp-content\/uploads\/2021\/11\/trio-jon-150x100.jpg 150w\" sizes=\"(max-width: 600px) 100vw, 600px\" \/>\t\t\t\t\t\t\t\t\n\n\t\t\t\t\t\t\t\t\t\t\t\t\t\t<\/div>\n\t\t\t\t\t\t\t\t\t\t\t\t<\/div>\n\t\t<\/div>\n\t\t\t\t[\/vc_column][vc_column width=&#8220;1\/2&#8243;]\t\t\t<link rel=\"stylesheet\" id=\"wd-section-title-css\" href=\"https:\/\/guitarislancio.is\/wp-content\/themes\/woodmart\/css\/parts\/el-section-title.min.css?ver=6.5.4\" type=\"text\/css\" media=\"all\" \/> \t\t\t\t\t\t<link rel=\"stylesheet\" id=\"wd-mod-highlighted-text-css\" href=\"https:\/\/guitarislancio.is\/wp-content\/themes\/woodmart\/css\/parts\/mod-highlighted-text.min.css?ver=6.5.4\" type=\"text\/css\" media=\"all\" \/> \t\t\t\n\t\t<div id=\"wd-61a7965537043\" class=\"title-wrapper wd-wpb set-mb-s reset-last-child  wd-rs-61a7965537043 wd-title-color-default wd-title-style-default text-left vc_custom_1638372954662 wd-underline-colored\">\n\t\t\t\t\t\t\t<div class=\"title-subtitle  subtitle-color-default font-default subtitle-style-default wd-font-weight- wd-fontsize-m\">Bass<\/div>\n\t\t\t\n\t\t\t<div class=\"liner-continer\">\n\t\t\t\t<h4 class=\"woodmart-title-container title  wd-font-weight- wd-fontsize-xxxl\" >J\u00f3n Rafnsson<\/h4>\n\t\t\t\t\t\t\t<\/div>\n\t\t\t\n\t\t\t\n\t\t\t\n\t\t<\/div>\n\t\t\n\t\t[vc_zigzag color=&#8220;custom&#8220; align=&#8220;left&#8220; el_width=&#8220;10&#8243; css=&#8220;.vc_custom_1499929732869{margin-bottom: 20px !important;}&#8220; custom_color=&#8220;#83b735&#8243;]\t\t\t<link rel=\"stylesheet\" id=\"wd-responsive-text-css\" href=\"https:\/\/guitarislancio.is\/wp-content\/themes\/woodmart\/css\/parts\/el-responsive-text.min.css?ver=6.5.4\" type=\"text\/css\" media=\"all\" \/> \t\t\t\t\t\t<div id=\"wd-61cc34e7f1cd2\" class=\"wd-text-block-wrapper wd-wpb wd-rs-61cc34e7f1cd2 color-scheme-custom text-left vc_custom_1640772920215\">\n\t\t\t\t<div class=\"woodmart-title-container woodmart-text-block reset-last-child font-text wd-font-weight- \">\n\t\t\t\t\tJ\u00f3n Rafnsson ist seit seinen Jugendjahren in der Musikbranche t\u00e4tig, urspr\u00fcnglich als selbstgelernter Bassist.\t\t\t\t<\/div>\n\n\t\t\t\t\t\t\t<\/div>\n\t\t[vc_column_text css=&#8220;.vc_custom_1640772940459{margin-bottom: 20px !important;}&#8220; text_larger=&#8220;yes&#8220; woodmart_inline=&#8220;no&#8220;]<\/p>\n<p class=\"text-larger\">Im Jahre 1976 begann er eine klassische Musikausbildung an Sigursveinn D. Kristinssons Musikschule, wo er bis zum Jahre 1983 Violine, Klavier und Kontrabass lernte. Daraufhin begann er eine weiterf\u00fchrende Ausbildung f\u00fcr Kontrabass bei Professor Thorvald Fredin in Stockholm. Dar\u00fcber hinaus studierte er an Stockholms Musikhochschule SMI (Stockholms musikpedagogiska institut), die er im Jahre 1987 erfolgreich abschloss.<\/p>\n<p class=\"text-larger\">Im Jahre 1990 zog J\u00f3n wieder nach Island und spielt seitdem die verschiedensten Musikstile mit Leichtigkeit \u2013 Jazz, Blues, Rock und Klassik.<\/p>\n<p class=\"text-larger\">Er ist ein \u00e4u\u00dferst gefragter Bassist und hat in vielen Aufnahmen mitgewirkt.<\/p>\n<p class=\"text-larger\">J\u00f3ns Arbeit als Musiklehrer zieht gleich mit seiner sch\u00f6pferischen Leistung als Musiker.<\/p>\n<p>[\/vc_column_text]<div id=\"wd-61d2ed86d7203\" class=\" wd-rs-61d2ed86d7203  wd-button-wrapper text-center\"><a href=\"https:\/\/jrmusic.is\" title=\"\" target=\"_blank\" class=\"btn btn-color-black btn-style-default btn-style-rectangle btn-size-default\">jrmusic.is<\/a><\/div>[\/vc_column][\/vc_row]<\/p>\n","protected":false},"excerpt":{"rendered":"<p>[vc_row][vc_column width=&#8220;1\/2&#8243;][\/vc_column][vc_column width=&#8220;1\/2&#8243;][vc_zigzag color=&#8220;custom&#8220; align=&#8220;left&#8220; el_width=&#8220;10&#8243; css=&#8220;.vc_custom_1499929732869{margin-bottom: 20px !important;}&#8220; custom_color=&#8220;#83b735&#8243;][vc_column_text css=&#8220;.vc_custom_1640772940459{margin-bottom: 20px !important;}&#8220; text_larger=&#8220;yes&#8220; woodmart_inline=&#8220;no&#8220;] Im Jahre 1976 begann er<\/p>\n","protected":false},"author":1,"featured_media":0,"parent":9201,"menu_order":0,"comment_status":"closed","ping_status":"closed","template":"","meta":[],"_links":{"self":[{"href":"https:\/\/guitarislancio.is\/de\/wp-json\/wp\/v2\/pages\/9225"}],"collection":[{"href":"https:\/\/guitarislancio.is\/de\/wp-json\/wp\/v2\/pages"}],"about":[{"href":"https:\/\/guitarislancio.is\/de\/wp-json\/wp\/v2\/types\/page"}],"author":[{"embeddable":true,"href":"https:\/\/guitarislancio.is\/de\/wp-json\/wp\/v2\/users\/1"}],"replies":[{"embeddable":true,"href":"https:\/\/guitarislancio.is\/de\/wp-json\/wp\/v2\/comments?post=9225"}],"version-history":[{"count":33,"href":"https:\/\/guitarislancio.is\/de\/wp-json\/wp\/v2\/pages\/9225\/revisions"}],"predecessor-version":[{"id":10028,"href":"https:\/\/guitarislancio.is\/de\/wp-json\/wp\/v2\/pages\/9225\/revisions\/10028"}],"up":[{"embeddable":true,"href":"https:\/\/guitarislancio.is\/de\/wp-json\/wp\/v2\/pages\/9201"}],"wp:attachment":[{"href":"https:\/\/guitarislancio.is\/de\/wp-json\/wp\/v2\/media?parent=9225"}],"curies":[{"name":"wp","href":"https:\/\/api.w.org\/{rel}","templated":true}]}}