{"id":9217,"date":"2021-12-29T19:03:22","date_gmt":"2021-12-29T19:03:22","guid":{"rendered":"http:\/\/guitarislancio.is\/die-mitglieder\/gunnar-thordarson\/"},"modified":"2022-01-08T12:28:36","modified_gmt":"2022-01-08T12:28:36","slug":"gunnar-thordarson","status":"publish","type":"page","link":"https:\/\/guitarislancio.is\/de\/die-mitglieder\/gunnar-thordarson\/","title":{"rendered":"Gunnar \u00de\u00f3r\u00f0arson"},"content":{"rendered":"<p>[vc_row gap=&#8220;1&#8243; woodmart_css_id=&#8220;61d9828244b5b&#8220; responsive_spacing=&#8220;eyJwYXJhbV90eXBlIjoid29vZG1hcnRfcmVzcG9uc2l2ZV9zcGFjaW5nIiwic2VsZWN0b3JfaWQiOiI2MWQ5ODI4MjQ0YjViIiwic2hvcnRjb2RlIjoidmNfcm93IiwiZGF0YSI6eyJ0YWJsZXQiOnt9LCJtb2JpbGUiOnt9fX0=&#8220; mobile_bg_img_hidden=&#8220;no&#8220; tablet_bg_img_hidden=&#8220;no&#8220; woodmart_parallax=&#8220;0&#8243; woodmart_gradient_switch=&#8220;no&#8220; woodmart_box_shadow=&#8220;no&#8220; wd_z_index=&#8220;no&#8220; woodmart_disable_overflow=&#8220;0&#8243; row_reverse_mobile=&#8220;0&#8243; row_reverse_tablet=&#8220;0&#8243;][vc_column width=&#8220;1\/2&#8243;]\t\t\t<link rel=\"stylesheet\" id=\"wd-image-gallery-css\" href=\"https:\/\/guitarislancio.is\/wp-content\/themes\/woodmart\/css\/parts\/el-gallery.min.css?ver=6.5.4\" type=\"text\/css\" media=\"all\" \/> \t\t\t\t\t<div id=\"gallery_227\" class=\"wd-images-gallery wd-rs-61a7942790da1 wd-justify-center wd-items-middle view-grid\" >\n\t\t\t<div class=\"gallery-images row wd-spacing-2\">\n\t\t\t\t\t\t\t\t\t\t\t\t\t\t\t<div class=\"wd-gallery-item col-lg-12 col-md-12 col-sm-12 col-12\">\n\t\t\t\t\t\t\t\n\t\t\t\t\t\t\t\t\t\t\t\t\t\t\t\t\t<img width=\"600\" height=\"400\" src=\"https:\/\/guitarislancio.is\/wp-content\/uploads\/2021\/11\/trio-gunnar.jpg\" class=\"wd-gallery-image image-1 attachment-full\" alt=\"\" decoding=\"async\" loading=\"lazy\" title=\"trio-gunnar\" srcset=\"https:\/\/guitarislancio.is\/wp-content\/uploads\/2021\/11\/trio-gunnar.jpg 600w, https:\/\/guitarislancio.is\/wp-content\/uploads\/2021\/11\/trio-gunnar-300x200.jpg 300w, https:\/\/guitarislancio.is\/wp-content\/uploads\/2021\/11\/trio-gunnar-150x100.jpg 150w\" sizes=\"(max-width: 600px) 100vw, 600px\" \/>\t\t\t\t\t\t\t\t\n\n\t\t\t\t\t\t\t\t\t\t\t\t\t\t<\/div>\n\t\t\t\t\t\t\t\t\t\t\t\t<\/div>\n\t\t<\/div>\n\t\t\t\t[\/vc_column][vc_column width=&#8220;1\/2&#8243;]\t\t\t<link rel=\"stylesheet\" id=\"wd-section-title-css\" href=\"https:\/\/guitarislancio.is\/wp-content\/themes\/woodmart\/css\/parts\/el-section-title.min.css?ver=6.5.4\" type=\"text\/css\" media=\"all\" \/> \t\t\t\t\t\t<link rel=\"stylesheet\" id=\"wd-mod-highlighted-text-css\" href=\"https:\/\/guitarislancio.is\/wp-content\/themes\/woodmart\/css\/parts\/mod-highlighted-text.min.css?ver=6.5.4\" type=\"text\/css\" media=\"all\" \/> \t\t\t\n\t\t<div id=\"wd-61a79241babd6\" class=\"title-wrapper wd-wpb set-mb-s reset-last-child  wd-rs-61a79241babd6 wd-title-color-default wd-title-style-default text-left vc_custom_1638371966591 wd-underline-colored\">\n\t\t\t\t\t\t\t<div class=\"title-subtitle  subtitle-color-default font-default subtitle-style-default wd-font-weight- wd-fontsize-m\">Gitarre<\/div>\n\t\t\t\n\t\t\t<div class=\"liner-continer\">\n\t\t\t\t<h4 class=\"woodmart-title-container title  wd-font-weight- wd-fontsize-xxxl\" >Gunnar \u00de\u00f3r\u00f0arson<\/h4>\n\t\t\t\t\t\t\t<\/div>\n\t\t\t\n\t\t\t\n\t\t\t\n\t\t<\/div>\n\t\t\n\t\t[vc_zigzag color=&#8220;custom&#8220; align=&#8220;left&#8220; el_width=&#8220;10&#8243; css=&#8220;.vc_custom_1499929732869{margin-bottom: 20px !important;}&#8220; custom_color=&#8220;#83b735&#8243;]\t\t\t<link rel=\"stylesheet\" id=\"wd-responsive-text-css\" href=\"https:\/\/guitarislancio.is\/wp-content\/themes\/woodmart\/css\/parts\/el-responsive-text.min.css?ver=6.5.4\" type=\"text\/css\" media=\"all\" \/> \t\t\t\t\t\t<div id=\"wd-61a792985fe41\" class=\"wd-text-block-wrapper wd-wpb wd-rs-61a792985fe41 color-scheme-custom text-left vc_custom_1638371996174\">\n\t\t\t\t<div class=\"woodmart-title-container woodmart-text-block reset-last-child font-text wd-font-weight- \">\n\t\t\t\t\tGunnar Th\u00f3rdarson hat zu Beginn der 1960er Jahre die Rockband Thor\u2019s Hammer (Hlj\u00f3mar) gegr\u00fcndet und ist seitdem einer der gr\u00f6\u00dften Musiker Islands.\t\t\t\t<\/div>\n\n\t\t\t\t\t\t\t<\/div>\n\t\t[vc_column_text css=&#8220;.vc_custom_1638372079497{margin-bottom: 20px !important;}&#8220; text_larger=&#8220;yes&#8220; woodmart_inline=&#8220;no&#8220;]<\/p>\n<p class=\"text-larger\">Er hat knapp 800 Songs verfasst, die als Tontr\u00e4ger erschienen sind. Dar\u00fcber hinaus hat er auch Musik f\u00fcr zahlreiche Filme, Musicals und Theaterproduktionen komponiert,<\/p>\n<p class=\"text-larger\">Aufnahmen geleitet und Musik f\u00fcr zahlreiche Aufnahmen arrangiert.<\/p>\n<p class=\"text-larger\">In den letzten Jahren hat er sich auf die Komposition und das Arrangement von gr\u00f6\u00dferen Werken f\u00fcr Fernsehen, Film, Theater, Ch\u00f6re und Symphonieorchester konzentriert.<\/p>\n<p class=\"text-larger\">Gunnars Oper Ragnhei\u00f0ur basiert auf der Geschichte von Ragnhei\u00f0ur Brynj\u00f3lfsd\u00f3ttir in Sk\u00e1lholt und wurde 2013 uraufgef\u00fchrt. Seine Oper hat weltweit zahlreiche Kritiker begeistert.<\/p>\n<p class=\"text-larger\">Gunnar ist einer der meist respektierten Musiker Islands. Er hat im Verlaufe seiner Karriere verschiedene Auszeichnungen erhalten, mitunter als \u201cMusiker der Stadt Reykjav\u00edk\u201d im Jahre 2014 und als Ehrenmusiker des isl\u00e4ndischen Parlaments Al\u00feingi im Jahre 2018.<\/p>\n<p class=\"text-larger\">Er hat im Verlaufe seiner Karriere verschiedene Auszeichnungen erhalten, mitunter als \u201cMusiker der Stadt Reykjav\u00edk\u201d im Jahre 2014 und als Ehrenmusiker des isl\u00e4ndischen Parlaments Al\u00feingi im Jahre 2018.<\/p>\n<p>[\/vc_column_text][\/vc_column][\/vc_row]<\/p>\n","protected":false},"excerpt":{"rendered":"<p>[vc_row gap=&#8220;1&#8243; woodmart_css_id=&#8220;61d9828244b5b&#8220; responsive_spacing=&#8220;eyJwYXJhbV90eXBlIjoid29vZG1hcnRfcmVzcG9uc2l2ZV9zcGFjaW5nIiwic2VsZWN0b3JfaWQiOiI2MWQ5ODI4MjQ0YjViIiwic2hvcnRjb2RlIjoidmNfcm93IiwiZGF0YSI6eyJ0YWJsZXQiOnt9LCJtb2JpbGUiOnt9fX0=&#8220; mobile_bg_img_hidden=&#8220;no&#8220; tablet_bg_img_hidden=&#8220;no&#8220; woodmart_parallax=&#8220;0&#8243; woodmart_gradient_switch=&#8220;no&#8220; woodmart_box_shadow=&#8220;no&#8220; wd_z_index=&#8220;no&#8220; woodmart_disable_overflow=&#8220;0&#8243; row_reverse_mobile=&#8220;0&#8243; row_reverse_tablet=&#8220;0&#8243;][vc_column width=&#8220;1\/2&#8243;][\/vc_column][vc_column width=&#8220;1\/2&#8243;][vc_zigzag color=&#8220;custom&#8220; align=&#8220;left&#8220; el_width=&#8220;10&#8243; css=&#8220;.vc_custom_1499929732869{margin-bottom: 20px<\/p>\n","protected":false},"author":1,"featured_media":0,"parent":9201,"menu_order":0,"comment_status":"closed","ping_status":"closed","template":"","meta":[],"_links":{"self":[{"href":"https:\/\/guitarislancio.is\/de\/wp-json\/wp\/v2\/pages\/9217"}],"collection":[{"href":"https:\/\/guitarislancio.is\/de\/wp-json\/wp\/v2\/pages"}],"about":[{"href":"https:\/\/guitarislancio.is\/de\/wp-json\/wp\/v2\/types\/page"}],"author":[{"embeddable":true,"href":"https:\/\/guitarislancio.is\/de\/wp-json\/wp\/v2\/users\/1"}],"replies":[{"embeddable":true,"href":"https:\/\/guitarislancio.is\/de\/wp-json\/wp\/v2\/comments?post=9217"}],"version-history":[{"count":39,"href":"https:\/\/guitarislancio.is\/de\/wp-json\/wp\/v2\/pages\/9217\/revisions"}],"predecessor-version":[{"id":9707,"href":"https:\/\/guitarislancio.is\/de\/wp-json\/wp\/v2\/pages\/9217\/revisions\/9707"}],"up":[{"embeddable":true,"href":"https:\/\/guitarislancio.is\/de\/wp-json\/wp\/v2\/pages\/9201"}],"wp:attachment":[{"href":"https:\/\/guitarislancio.is\/de\/wp-json\/wp\/v2\/media?parent=9217"}],"curies":[{"name":"wp","href":"https:\/\/api.w.org\/{rel}","templated":true}]}}