{"id":9207,"date":"2021-12-29T18:58:28","date_gmt":"2021-12-29T18:58:28","guid":{"rendered":"http:\/\/guitarislancio.is\/die-mitglieder\/bjoern-thoroddsen\/"},"modified":"2022-01-10T20:42:15","modified_gmt":"2022-01-10T20:42:15","slug":"bjoern-thoroddsen","status":"publish","type":"page","link":"https:\/\/guitarislancio.is\/de\/die-mitglieder\/bjoern-thoroddsen\/","title":{"rendered":"Bj\u00f6rn Thoroddsen"},"content":{"rendered":"<p>[vc_row][vc_column width=&#8220;1\/2&#8243;]\t\t\t<link rel=\"stylesheet\" id=\"wd-image-gallery-css\" href=\"https:\/\/guitarislancio.is\/wp-content\/themes\/woodmart\/css\/parts\/el-gallery.min.css?ver=6.5.4\" type=\"text\/css\" media=\"all\" \/> \t\t\t\t\t<div id=\"gallery_255\" class=\"wd-images-gallery wd-rs-61a794c3d22fe wd-justify-center wd-items-middle view-grid\" >\n\t\t\t<div class=\"gallery-images row wd-spacing-2\">\n\t\t\t\t\t\t\t\t\t\t\t\t\t\t\t<div class=\"wd-gallery-item col-lg-12 col-md-12 col-sm-12 col-12\">\n\t\t\t\t\t\t\t\n\t\t\t\t\t\t\t\t\t\t\t\t\t\t\t\t\t<img width=\"600\" height=\"400\" src=\"https:\/\/guitarislancio.is\/wp-content\/uploads\/2021\/11\/trio-bjorn.jpg\" class=\"wd-gallery-image image-1 attachment-full\" alt=\"\" decoding=\"async\" loading=\"lazy\" title=\"trio-bjorn\" srcset=\"https:\/\/guitarislancio.is\/wp-content\/uploads\/2021\/11\/trio-bjorn.jpg 600w, https:\/\/guitarislancio.is\/wp-content\/uploads\/2021\/11\/trio-bjorn-300x200.jpg 300w, https:\/\/guitarislancio.is\/wp-content\/uploads\/2021\/11\/trio-bjorn-150x100.jpg 150w\" sizes=\"(max-width: 600px) 100vw, 600px\" \/>\t\t\t\t\t\t\t\t\n\n\t\t\t\t\t\t\t\t\t\t\t\t\t\t<\/div>\n\t\t\t\t\t\t\t\t\t\t\t\t<\/div>\n\t\t<\/div>\n\t\t\t\t[\/vc_column][vc_column width=&#8220;1\/2&#8243;]\t\t\t<link rel=\"stylesheet\" id=\"wd-section-title-css\" href=\"https:\/\/guitarislancio.is\/wp-content\/themes\/woodmart\/css\/parts\/el-section-title.min.css?ver=6.5.4\" type=\"text\/css\" media=\"all\" \/> \t\t\t\t\t\t<link rel=\"stylesheet\" id=\"wd-mod-highlighted-text-css\" href=\"https:\/\/guitarislancio.is\/wp-content\/themes\/woodmart\/css\/parts\/mod-highlighted-text.min.css?ver=6.5.4\" type=\"text\/css\" media=\"all\" \/> \t\t\t\n\t\t<div id=\"wd-61a79469523b5\" class=\"title-wrapper wd-wpb set-mb-s reset-last-child  wd-rs-61a79469523b5 wd-title-color-default wd-title-style-default text-left vc_custom_1638372460315 wd-underline-colored\">\n\t\t\t\t\t\t\t<div class=\"title-subtitle  subtitle-color-default font-default subtitle-style-default wd-font-weight- wd-fontsize-m\">Gitarre<\/div>\n\t\t\t\n\t\t\t<div class=\"liner-continer\">\n\t\t\t\t<h4 class=\"woodmart-title-container title  wd-font-weight- wd-fontsize-xxxl\" >Bj\u00f6rn Thoroddsen<\/h4>\n\t\t\t\t\t\t\t<\/div>\n\t\t\t\n\t\t\t\n\t\t\t\n\t\t<\/div>\n\t\t\n\t\t[vc_zigzag color=&#8220;custom&#8220; align=&#8220;left&#8220; el_width=&#8220;10&#8243; css=&#8220;.vc_custom_1499929732869{margin-bottom: 20px !important;}&#8220; custom_color=&#8220;#83b735&#8243;]\t\t\t<link rel=\"stylesheet\" id=\"wd-responsive-text-css\" href=\"https:\/\/guitarislancio.is\/wp-content\/themes\/woodmart\/css\/parts\/el-responsive-text.min.css?ver=6.5.4\" type=\"text\/css\" media=\"all\" \/> \t\t\t\t\t\t<div id=\"wd-61a794bc529cc\" class=\"wd-text-block-wrapper wd-wpb wd-rs-61a794bc529cc color-scheme-custom text-left vc_custom_1638372544393\">\n\t\t\t\t<div class=\"woodmart-title-container woodmart-text-block reset-last-child font-text wd-font-weight- \">\n\t\t\t\t\tBj\u00f6rn Thoroddsen ist einer der besten Gitarristen Islands.\t\t\t\t<\/div>\n\n\t\t\t\t\t\t\t<\/div>\n\t\t[vc_column_text css=&#8220;.vc_custom_1641213616457{margin-bottom: 20px !important;}&#8220; text_larger=&#8220;yes&#8220; woodmart_inline=&#8220;no&#8220;]<\/p>\n<p class=\"text-larger\">Wie viele junge Leute begann er seine Musikkarriere in der Rockszene. Er lernte Gitarre in Island und sp\u00e4ter im Jahre 1982 auch am Musicians Institute in Los Angeles.<\/p>\n<p class=\"text-larger\">Bj\u00f6rn ist bereits weltweit aufgetreten und hat Lehrveranstaltungen (Meisterkurse) in vielen Teilen der Vereinigten Staaten sowie in Europa gehalten.<\/p>\n<p class=\"text-larger\">Seine Karriere hat ihm vielf\u00e4ltige Anerkennungen in Island und anderen L\u00e4ndern eingebracht. Beispielsweise wurde er im Jahre 2002 zum \u201cStadtmusiker der Stadt Gar\u00f0ab\u00e6r\u201d ernannt. Dar\u00fcber hinaus bekam er 2003 den Titel \u201cJazz Performer des Jahres\u201d verliehen, im Jahre 2005 wurde er zum Jazzkomponisten des Jahres ernannt; er wurde von der International Association for Jazz Education ausgezeichnet und erhielt 2011 die Goldmedaille von F\u00cdH (Verband isl\u00e4ndischer Musiker).<\/p>\n<p class=\"text-larger\">Bj\u00f6rn hat viele Tontr\u00e4ger ver\u00f6ffentlicht und ist mit den meisten isl\u00e4ndischen Musikern aufgetreten. Dar\u00fcber hinaus hat er ebenfalls mit weltbekannten Musikern zusammengespielt, wie etwa Niels-Henning \u00d8rsted Pedersen, Didier Lockwood, Kazumi Watanabe, Philip Catherine, Larry Coryell, Al Di Meola, Martin Taylor, Ulf Wakenius, Tommy Emmanuel und Robben Ford.<\/p>\n<p class=\"text-larger\">Bj\u00f6rn arbeitet an Aufnahmen und Konzertauftritten mit Leichtigkeit, sowohl in Island als auch in anderen L\u00e4ndern.<\/p>\n<p>[\/vc_column_text]<div id=\"wd-61d2eeb3076ce\" class=\" wd-rs-61d2eeb3076ce  wd-button-wrapper text-center\"><a href=\"https:\/\/www.bjornthoroddsen.org\/\" title=\"\" target=\"_blank\" class=\"btn btn-color-black btn-style-default btn-style-rectangle btn-size-default\">BJORNTHORODDSEN.ORG<\/a><\/div>[\/vc_column][\/vc_row]<\/p>\n","protected":false},"excerpt":{"rendered":"<p>[vc_row][vc_column width=&#8220;1\/2&#8243;][\/vc_column][vc_column width=&#8220;1\/2&#8243;][vc_zigzag color=&#8220;custom&#8220; align=&#8220;left&#8220; el_width=&#8220;10&#8243; css=&#8220;.vc_custom_1499929732869{margin-bottom: 20px !important;}&#8220; custom_color=&#8220;#83b735&#8243;][vc_column_text css=&#8220;.vc_custom_1641213616457{margin-bottom: 20px !important;}&#8220; text_larger=&#8220;yes&#8220; woodmart_inline=&#8220;no&#8220;] Wie viele junge Leute begann<\/p>\n","protected":false},"author":1,"featured_media":0,"parent":9201,"menu_order":0,"comment_status":"closed","ping_status":"closed","template":"","meta":[],"_links":{"self":[{"href":"https:\/\/guitarislancio.is\/de\/wp-json\/wp\/v2\/pages\/9207"}],"collection":[{"href":"https:\/\/guitarislancio.is\/de\/wp-json\/wp\/v2\/pages"}],"about":[{"href":"https:\/\/guitarislancio.is\/de\/wp-json\/wp\/v2\/types\/page"}],"author":[{"embeddable":true,"href":"https:\/\/guitarislancio.is\/de\/wp-json\/wp\/v2\/users\/1"}],"replies":[{"embeddable":true,"href":"https:\/\/guitarislancio.is\/de\/wp-json\/wp\/v2\/comments?post=9207"}],"version-history":[{"count":41,"href":"https:\/\/guitarislancio.is\/de\/wp-json\/wp\/v2\/pages\/9207\/revisions"}],"predecessor-version":[{"id":10016,"href":"https:\/\/guitarislancio.is\/de\/wp-json\/wp\/v2\/pages\/9207\/revisions\/10016"}],"up":[{"embeddable":true,"href":"https:\/\/guitarislancio.is\/de\/wp-json\/wp\/v2\/pages\/9201"}],"wp:attachment":[{"href":"https:\/\/guitarislancio.is\/de\/wp-json\/wp\/v2\/media?parent=9207"}],"curies":[{"name":"wp","href":"https:\/\/api.w.org\/{rel}","templated":true}]}}