{"id":9201,"date":"2021-12-29T18:54:39","date_gmt":"2021-12-29T18:54:39","guid":{"rendered":"http:\/\/guitarislancio.is\/die-mitglieder\/"},"modified":"2022-01-06T15:00:29","modified_gmt":"2022-01-06T15:00:29","slug":"die-mitglieder","status":"publish","type":"page","link":"https:\/\/guitarislancio.is\/de\/die-mitglieder\/","title":{"rendered":"Die Mitglieder"},"content":{"rendered":"<p>[vc_row][vc_column]\t\t\t<link rel=\"stylesheet\" id=\"wd-section-title-css\" href=\"https:\/\/guitarislancio.is\/wp-content\/themes\/woodmart\/css\/parts\/el-section-title.min.css?ver=6.5.4\" type=\"text\/css\" media=\"all\" \/> \t\t\t\t\t\t<link rel=\"stylesheet\" id=\"wd-mod-highlighted-text-css\" href=\"https:\/\/guitarislancio.is\/wp-content\/themes\/woodmart\/css\/parts\/mod-highlighted-text.min.css?ver=6.5.4\" type=\"text\/css\" media=\"all\" \/> \t\t\t\n\t\t<div id=\"wd-61a793f124a5c\" class=\"title-wrapper wd-wpb set-mb-s reset-last-child  wd-rs-61a793f124a5c wd-title-color-default wd-title-style-default text-left  wd-underline-colored\">\n\t\t\t\n\t\t\t<div class=\"liner-continer\">\n\t\t\t\t<h4 class=\"woodmart-title-container title  wd-font-weight- wd-fontsize-xxxl\" >Die Mitglieder<\/h4>\n\t\t\t\t\t\t\t<\/div>\n\t\t\t\n\t\t\t\n\t\t\t\n\t\t<\/div>\n\t\t\n\t\t[\/vc_column][\/vc_row][vc_row][vc_column]<style data-type=\"vc_shortcodes-custom-css\">.vc_custom_1638374193455{margin-bottom: -40px !important;padding-right: 5px !important;padding-left: 5px !important;}.vc_custom_1490874937736{padding-top: 0px !important;}<\/style>[vc_row full_width=\"stretch_row_content_no_spaces\" css=\".vc_custom_1638374193455{margin-bottom: -40px !important;padding-right: 5px !important;padding-left: 5px !important;}\" woodmart_css_id=\"61a79b2b1908a\" responsive_spacing=\"eyJwYXJhbV90eXBlIjoid29vZG1hcnRfcmVzcG9uc2l2ZV9zcGFjaW5nIiwic2VsZWN0b3JfaWQiOiI2MWE3OWIyYjE5MDhhIiwic2hvcnRjb2RlIjoidmNfcm93IiwiZGF0YSI6eyJ0YWJsZXQiOnt9LCJtb2JpbGUiOnt9fX0=\" mobile_bg_img_hidden=\"no\" tablet_bg_img_hidden=\"no\" woodmart_parallax=\"0\" woodmart_gradient_switch=\"no\" woodmart_box_shadow=\"no\" wd_z_index=\"no\" woodmart_disable_overflow=\"0\" row_reverse_mobile=\"0\" row_reverse_tablet=\"0\"][vc_column css=\".vc_custom_1490874937736{padding-top: 0px !important;}\"]\t\t\t<link rel=\"stylesheet\" id=\"wd-owl-carousel-css\" href=\"https:\/\/guitarislancio.is\/wp-content\/themes\/woodmart\/css\/parts\/lib-owl-carousel.min.css?ver=6.5.4\" type=\"text\/css\" media=\"all\" \/> \t\t\t\n\t\t\t<div id=\"carousel-824\" class=\"wd-carousel-container banners-carousel-wrapper  wd-carousel-spacing-6\" data-owl-carousel data-wrap=\"no\" data-hide_pagination_control=\"yes\" data-hide_prev_next_buttons=\"yes\" data-dragEndSpeed=\"600\" data-desktop=\"4\" data-tablet_landscape=\"4\" data-tablet=\"3\" data-mobile=\"1\">\n\t\t\t\t<div class=\"owl-carousel banners-carousel   owl-items-lg-4 owl-items-md-4 owl-items-sm-3 owl-items-xs-1 wd-rs-619c1b73c8488\" >\n\t\t\t\t\t\t\t\t<link rel=\"stylesheet\" id=\"wd-banner-css\" href=\"https:\/\/guitarislancio.is\/wp-content\/themes\/woodmart\/css\/parts\/wpb-el-banner.min.css?ver=6.5.4\" type=\"text\/css\" media=\"all\" \/> \t\t\t\t\t<div class=\"promo-banner-wrapper  wd-rs-61a79a859ccef \">\n\t\t\t<div id=\"wd-61a79a859ccef\" class=\"promo-banner  banner-mask banner-hover-zoom color-scheme-light banner-btn-size-default banner-btn-style-link wd-width-enabled banner-increased-padding  cursor-pointer wd-underline-colored\" style=\"--wd-max-width: 50%;\"\t\t\t\t onclick=\"window.location.href='http:\/\/guitarislancio.is\/de\/die-mitglieder\/gunnar-thordarson\/'\"\t\t\t>\n\t\t\t\t<div class=\"main-wrapp-img\">\n\t\t\t\t\t<div class=\"banner-image wd-bg-position-center\" >\n\t\t\t\t\t\t<img class=\"promo-banner-image \" src=\"https:\/\/guitarislancio.is\/wp-content\/uploads\/2021\/11\/trio-gunnar.jpg\" width=\"600\" height=\"400\" alt=\"trio-gunnar\" title=\"trio-gunnar\" \/>\t\t\t\t\t<\/div>\n\t\t\t\t<\/div>\n\n\t\t\t\t<div class=\"wrapper-content-banner wd-fill  wd-items-bottom wd-justify-right\">\n\t\t\t\t\t<div class=\"content-banner text-right\">\n\t\t\t\t\t\t<div class=\"banner-title-wrap\">\n\t\t\t\t\t\t\t<h4 class=\"banner-title wd-font-weight- wd-fontsize-xxl\">Gunnar \u00de\u00f3r\u00f0arson<\/h4>\t\t\t\t\t\t<\/div>\n\t\t\t\t\t\t\t\t\t\t\t\t\t\t\t\t\t<\/div>\n\t\t\t\t<\/div>\n\t\t\t\t\t\t\t<\/div>\n\t\t<\/div>\n\n\t\t\t\t<div class=\"promo-banner-wrapper  wd-rs-61a79a917d762 \">\n\t\t\t<div id=\"wd-61a79a917d762\" class=\"promo-banner  banner-mask banner-hover-zoom color-scheme-light banner-btn-size-default banner-btn-style-link wd-width-enabled banner-increased-padding  cursor-pointer wd-underline-colored\" style=\"--wd-max-width: 50%;\"\t\t\t\t onclick=\"window.location.href='http:\/\/guitarislancio.is\/de\/die-mitglieder\/bjoern-thoroddsen\/'\"\t\t\t>\n\t\t\t\t<div class=\"main-wrapp-img\">\n\t\t\t\t\t<div class=\"banner-image wd-bg-position-center\" >\n\t\t\t\t\t\t<img class=\"promo-banner-image \" src=\"https:\/\/guitarislancio.is\/wp-content\/uploads\/2021\/11\/trio-bjorn.jpg\" width=\"600\" height=\"400\" alt=\"trio-bjorn\" title=\"trio-bjorn\" \/>\t\t\t\t\t<\/div>\n\t\t\t\t<\/div>\n\n\t\t\t\t<div class=\"wrapper-content-banner wd-fill  wd-items-bottom wd-justify-right\">\n\t\t\t\t\t<div class=\"content-banner text-right\">\n\t\t\t\t\t\t<div class=\"banner-title-wrap\">\n\t\t\t\t\t\t\t<h4 class=\"banner-title wd-font-weight- wd-fontsize-xxl\">Bj\u00f6rn Thoroddsen<\/h4>\t\t\t\t\t\t<\/div>\n\t\t\t\t\t\t\t\t\t\t\t\t\t\t\t\t\t<\/div>\n\t\t\t\t<\/div>\n\t\t\t\t\t\t\t<\/div>\n\t\t<\/div>\n\n\t\t\t\t<div class=\"promo-banner-wrapper  wd-rs-61a79a99a3d4e \">\n\t\t\t<div id=\"wd-61a79a99a3d4e\" class=\"promo-banner  banner-mask banner-hover-zoom color-scheme-light banner-btn-size-default banner-btn-style-link wd-width-enabled banner-increased-padding  cursor-pointer wd-underline-colored\" style=\"--wd-max-width: 50%;\"\t\t\t\t onclick=\"window.location.href='http:\/\/guitarislancio.is\/de\/die-mitglieder\/jon-rafnsson\/'\"\t\t\t>\n\t\t\t\t<div class=\"main-wrapp-img\">\n\t\t\t\t\t<div class=\"banner-image wd-bg-position-center\" >\n\t\t\t\t\t\t<img class=\"promo-banner-image \" src=\"https:\/\/guitarislancio.is\/wp-content\/uploads\/2021\/11\/trio-jon.jpg\" width=\"600\" height=\"400\" alt=\"trio-jon\" title=\"trio-jon\" \/>\t\t\t\t\t<\/div>\n\t\t\t\t<\/div>\n\n\t\t\t\t<div class=\"wrapper-content-banner wd-fill  wd-items-bottom wd-justify-right\">\n\t\t\t\t\t<div class=\"content-banner text-right\">\n\t\t\t\t\t\t<div class=\"banner-title-wrap\">\n\t\t\t\t\t\t\t<h4 class=\"banner-title wd-font-weight- wd-fontsize-xxl\">J\u00f3n\nRafnsson<\/h4>\t\t\t\t\t\t<\/div>\n\t\t\t\t\t\t\t\t\t\t\t\t\t\t\t\t\t<\/div>\n\t\t\t\t<\/div>\n\t\t\t\t\t\t\t<\/div>\n\t\t<\/div>\n\n\t\t\t\t<div class=\"promo-banner-wrapper  wd-rs-61a79aa0d11e6 \">\n\t\t\t<div id=\"wd-61a79aa0d11e6\" class=\"promo-banner  banner-mask banner-hover-zoom color-scheme-light banner-btn-size-default banner-btn-style-link wd-width-enabled banner-increased-padding  cursor-pointer wd-underline-colored\" style=\"--wd-max-width: 50%;\"\t\t\t\t onclick=\"window.location.href='http:\/\/guitarislancio.is\/de\/die-mitglieder\/thordur-arnason\/'\"\t\t\t>\n\t\t\t\t<div class=\"main-wrapp-img\">\n\t\t\t\t\t<div class=\"banner-image wd-bg-position-center\" >\n\t\t\t\t\t\t<img class=\"promo-banner-image \" src=\"https:\/\/guitarislancio.is\/wp-content\/uploads\/2021\/11\/trio-thordur.jpg\" width=\"600\" height=\"400\" alt=\"trio-thordur\" title=\"trio-thordur\" \/>\t\t\t\t\t<\/div>\n\t\t\t\t<\/div>\n\n\t\t\t\t<div class=\"wrapper-content-banner wd-fill  wd-items-bottom wd-justify-right\">\n\t\t\t\t\t<div class=\"content-banner text-right\">\n\t\t\t\t\t\t<div class=\"banner-title-wrap\">\n\t\t\t\t\t\t\t<h4 class=\"banner-title wd-font-weight- wd-fontsize-xxl\">\u00de\u00f3r\u00f0ur \u00c1rnason<\/h4>\t\t\t\t\t\t<\/div>\n\t\t\t\t\t\t\t\t\t\t\t\t\t\t\t\t\t<\/div>\n\t\t\t\t<\/div>\n\t\t\t\t\t\t\t<\/div>\n\t\t<\/div>\n\n\t\t\t\t\t\t<\/div>\n\t\t\t<\/div>\n\n\t\t[\/vc_column][\/vc_row][\/vc_column][\/vc_row]<\/p>\n","protected":false},"excerpt":{"rendered":"<p>[vc_row][vc_column][\/vc_column][\/vc_row][vc_row][vc_column][\/vc_column][\/vc_row]<\/p>\n","protected":false},"author":1,"featured_media":0,"parent":0,"menu_order":3,"comment_status":"closed","ping_status":"closed","template":"","meta":[],"_links":{"self":[{"href":"https:\/\/guitarislancio.is\/de\/wp-json\/wp\/v2\/pages\/9201"}],"collection":[{"href":"https:\/\/guitarislancio.is\/de\/wp-json\/wp\/v2\/pages"}],"about":[{"href":"https:\/\/guitarislancio.is\/de\/wp-json\/wp\/v2\/types\/page"}],"author":[{"embeddable":true,"href":"https:\/\/guitarislancio.is\/de\/wp-json\/wp\/v2\/users\/1"}],"replies":[{"embeddable":true,"href":"https:\/\/guitarislancio.is\/de\/wp-json\/wp\/v2\/comments?post=9201"}],"version-history":[{"count":20,"href":"https:\/\/guitarislancio.is\/de\/wp-json\/wp\/v2\/pages\/9201\/revisions"}],"predecessor-version":[{"id":9612,"href":"https:\/\/guitarislancio.is\/de\/wp-json\/wp\/v2\/pages\/9201\/revisions\/9612"}],"wp:attachment":[{"href":"https:\/\/guitarislancio.is\/de\/wp-json\/wp\/v2\/media?parent=9201"}],"curies":[{"name":"wp","href":"https:\/\/api.w.org\/{rel}","templated":true}]}}