{"id":9175,"date":"2021-12-29T18:50:58","date_gmt":"2021-12-29T18:50:58","guid":{"rendered":"http:\/\/guitarislancio.is\/das-trio\/"},"modified":"2024-12-31T10:30:00","modified_gmt":"2024-12-31T10:30:00","slug":"das-trio","status":"publish","type":"page","link":"https:\/\/guitarislancio.is\/de\/das-trio\/","title":{"rendered":"Das Trio"},"content":{"rendered":"<p>[vc_row][vc_column width=&#8220;1\/2&#8243;]\t\t\t<link rel=\"stylesheet\" id=\"wd-image-gallery-css\" href=\"https:\/\/guitarislancio.is\/wp-content\/themes\/woodmart\/css\/parts\/el-gallery.min.css?ver=6.5.4\" type=\"text\/css\" media=\"all\" \/> \t\t\t\t\t<div id=\"gallery_689\" class=\"wd-images-gallery wd-rs-61a796ef0fee9 wd-justify-center wd-items-middle view-grid\" >\n\t\t\t<div class=\"gallery-images row wd-spacing-2\">\n\t\t\t\t\t\t\t\t\t\t\t\t\t\t\t<div class=\"wd-gallery-item col-lg-12 col-md-12 col-sm-12 col-12\">\n\t\t\t\t\t\t\t\n\t\t\t\t\t\t\t\t\t\t\t\t\t\t\t\t\t<img width=\"800\" height=\"500\" src=\"https:\/\/guitarislancio.is\/wp-content\/uploads\/2021\/11\/Ny-mynd-med-THordi2.jpg\" class=\"wd-gallery-image image-1 attachment-full\" alt=\"\" decoding=\"async\" loading=\"lazy\" title=\"N\u00fd-mynd-me\u00f0-\u00de\u00f3r\u00f0i2\" srcset=\"https:\/\/guitarislancio.is\/wp-content\/uploads\/2021\/11\/Ny-mynd-med-THordi2.jpg 800w, https:\/\/guitarislancio.is\/wp-content\/uploads\/2021\/11\/Ny-mynd-med-THordi2-300x188.jpg 300w, https:\/\/guitarislancio.is\/wp-content\/uploads\/2021\/11\/Ny-mynd-med-THordi2-768x480.jpg 768w, https:\/\/guitarislancio.is\/wp-content\/uploads\/2021\/11\/Ny-mynd-med-THordi2-150x94.jpg 150w\" sizes=\"(max-width: 800px) 100vw, 800px\" \/>\t\t\t\t\t\t\t\t\n\n\t\t\t\t\t\t\t\t\t\t\t\t\t\t<\/div>\n\t\t\t\t\t\t\t\t\t\t\t\t<\/div>\n\t\t<\/div>\n\t\t\t\t\t\t<div id=\"gallery_907\" class=\"wd-images-gallery wd-rs-61a799f070fcd wd-justify-center wd-items-middle view-grid\" >\n\t\t\t<div class=\"gallery-images row wd-spacing-2\">\n\t\t\t\t\t\t\t\t\t\t\t\t\t\t\t<div class=\"wd-gallery-item col-lg-4 col-md-4 col-sm-6 col-6\">\n\t\t\t\t\t\t\t\t\t\t\t\t\t\t<a href=\"https:\/\/inboxair.com\/guitar\/medlimirnir\/bjorn-thoroddsen\/\" data-elementor-open-lightbox=\"no\" data-index=\"1\" data-width=\"600\" data-height=\"400\"  >\n\t\t\t\t\t\t\t\t\n\t\t\t\t\t\t\t\t\t\t\t\t\t\t\t\t\t<img width=\"600\" height=\"400\" src=\"https:\/\/guitarislancio.is\/wp-content\/uploads\/2021\/11\/trio-bjorn.jpg\" class=\"wd-gallery-image image-1 attachment-full\" alt=\"\" decoding=\"async\" loading=\"lazy\" title=\"trio-bjorn\" srcset=\"https:\/\/guitarislancio.is\/wp-content\/uploads\/2021\/11\/trio-bjorn.jpg 600w, https:\/\/guitarislancio.is\/wp-content\/uploads\/2021\/11\/trio-bjorn-300x200.jpg 300w, https:\/\/guitarislancio.is\/wp-content\/uploads\/2021\/11\/trio-bjorn-150x100.jpg 150w\" sizes=\"(max-width: 600px) 100vw, 600px\" \/>\t\t\t\t\t\t\t\t\n\n\t\t\t\t\t\t\t\t\t\t\t\t\t\t\t<\/a>\n\t\t\t\t\t\t\t\t\t\t\t\t<\/div>\n\t\t\t\t\t\t\t\t\t\t\t<div class=\"wd-gallery-item col-lg-4 col-md-4 col-sm-6 col-6\">\n\t\t\t\t\t\t\t\t\t\t\t\t\t\t<a href=\"https:\/\/inboxair.com\/guitar\/medlimirnir\/jon-rafnsson\/\" data-elementor-open-lightbox=\"no\" data-index=\"2\" data-width=\"600\" data-height=\"400\"  >\n\t\t\t\t\t\t\t\t\n\t\t\t\t\t\t\t\t\t\t\t\t\t\t\t\t\t<img width=\"600\" height=\"400\" src=\"https:\/\/guitarislancio.is\/wp-content\/uploads\/2021\/11\/trio-jon.jpg\" class=\"wd-gallery-image image-2 attachment-full\" alt=\"\" decoding=\"async\" loading=\"lazy\" title=\"trio-jon\" srcset=\"https:\/\/guitarislancio.is\/wp-content\/uploads\/2021\/11\/trio-jon.jpg 600w, https:\/\/guitarislancio.is\/wp-content\/uploads\/2021\/11\/trio-jon-300x200.jpg 300w, https:\/\/guitarislancio.is\/wp-content\/uploads\/2021\/11\/trio-jon-150x100.jpg 150w\" sizes=\"(max-width: 600px) 100vw, 600px\" \/>\t\t\t\t\t\t\t\t\n\n\t\t\t\t\t\t\t\t\t\t\t\t\t\t\t<\/a>\n\t\t\t\t\t\t\t\t\t\t\t\t<\/div>\n\t\t\t\t\t\t\t\t\t\t\t<div class=\"wd-gallery-item col-lg-4 col-md-4 col-sm-6 col-6\">\n\t\t\t\t\t\t\t\t\t\t\t\t\t\t<a href=\"https:\/\/inboxair.com\/guitar\/medlimirnir\/thordur-arnason\/\" data-elementor-open-lightbox=\"no\" data-index=\"3\" data-width=\"600\" data-height=\"400\"  >\n\t\t\t\t\t\t\t\t\n\t\t\t\t\t\t\t\t\t\t\t\t\t\t\t\t\t<img width=\"600\" height=\"400\" src=\"https:\/\/guitarislancio.is\/wp-content\/uploads\/2021\/11\/trio-thordur.jpg\" class=\"wd-gallery-image image-3 attachment-full\" alt=\"\" decoding=\"async\" loading=\"lazy\" title=\"trio-thordur\" srcset=\"https:\/\/guitarislancio.is\/wp-content\/uploads\/2021\/11\/trio-thordur.jpg 600w, https:\/\/guitarislancio.is\/wp-content\/uploads\/2021\/11\/trio-thordur-300x200.jpg 300w, https:\/\/guitarislancio.is\/wp-content\/uploads\/2021\/11\/trio-thordur-150x100.jpg 150w\" sizes=\"(max-width: 600px) 100vw, 600px\" \/>\t\t\t\t\t\t\t\t\n\n\t\t\t\t\t\t\t\t\t\t\t\t\t\t\t<\/a>\n\t\t\t\t\t\t\t\t\t\t\t\t<\/div>\n\t\t\t\t\t\t\t\t\t\t\t\t<\/div>\n\t\t<\/div>\n\t\t\t\t\t\t<div id=\"gallery_365\" class=\"wd-images-gallery wd-rs-61d583d34aa6d wd-justify-center wd-items-middle view-grid\" >\n\t\t\t<div class=\"gallery-images row wd-spacing-2\">\n\t\t\t\t\t\t\t\t\t\t\t\t\t\t\t<div class=\"wd-gallery-item col-lg-12 col-md-12 col-sm-12 col-12\">\n\t\t\t\t\t\t\t\n\t\t\t\t\t\t\t\t\t\t\t\t\t\t\t\t\t<img width=\"960\" height=\"690\" src=\"https:\/\/guitarislancio.is\/wp-content\/uploads\/2022\/01\/trioid.jpg\" class=\"wd-gallery-image image-1 attachment-full\" alt=\"\" decoding=\"async\" loading=\"lazy\" title=\"trioid\" srcset=\"https:\/\/guitarislancio.is\/wp-content\/uploads\/2022\/01\/trioid.jpg 960w, https:\/\/guitarislancio.is\/wp-content\/uploads\/2022\/01\/trioid-300x216.jpg 300w, https:\/\/guitarislancio.is\/wp-content\/uploads\/2022\/01\/trioid-768x552.jpg 768w\" sizes=\"(max-width: 960px) 100vw, 960px\" \/>\t\t\t\t\t\t\t\t\n\n\t\t\t\t\t\t\t\t\t\t\t\t\t\t<\/div>\n\t\t\t\t\t\t\t\t\t\t\t\t<\/div>\n\t\t<\/div>\n\t\t\t\t[\/vc_column][vc_column width=&#8220;1\/2&#8243;]\t\t\t<link rel=\"stylesheet\" id=\"wd-section-title-css\" href=\"https:\/\/guitarislancio.is\/wp-content\/themes\/woodmart\/css\/parts\/el-section-title.min.css?ver=6.5.4\" type=\"text\/css\" media=\"all\" \/> \t\t\t\t\t\t<link rel=\"stylesheet\" id=\"wd-mod-highlighted-text-css\" href=\"https:\/\/guitarislancio.is\/wp-content\/themes\/woodmart\/css\/parts\/mod-highlighted-text.min.css?ver=6.5.4\" type=\"text\/css\" media=\"all\" \/> \t\t\t\n\t\t<div id=\"wd-61a796b7a0052\" class=\"title-wrapper wd-wpb set-mb-s reset-last-child  wd-rs-61a796b7a0052 wd-title-color-default wd-title-style-default text-left vc_custom_1638373063926 wd-underline-colored\">\n\t\t\t\t\t\t\t<div class=\"title-subtitle  subtitle-color-default font-default subtitle-style-default wd-font-weight- wd-fontsize-m\">TRIO<\/div>\n\t\t\t\n\t\t\t<div class=\"liner-continer\">\n\t\t\t\t<h4 class=\"woodmart-title-container title  wd-font-weight- wd-fontsize-xxxl\" >Guitar Islancio<\/h4>\n\t\t\t\t\t\t\t<\/div>\n\t\t\t\n\t\t\t\n\t\t\t\n\t\t<\/div>\n\t\t\n\t\t[vc_zigzag color=&#8220;custom&#8220; align=&#8220;left&#8220; el_width=&#8220;10&#8243; css=&#8220;.vc_custom_1499929732869{margin-bottom: 20px !important;}&#8220; custom_color=&#8220;#83b735&#8243;]\t\t\t<link rel=\"stylesheet\" id=\"wd-responsive-text-css\" href=\"https:\/\/guitarislancio.is\/wp-content\/themes\/woodmart\/css\/parts\/el-responsive-text.min.css?ver=6.5.4\" type=\"text\/css\" media=\"all\" \/> \t\t\t\t\t\t<div id=\"wd-61cb04d0ac4f8\" class=\"wd-text-block-wrapper wd-wpb wd-rs-61cb04d0ac4f8 color-scheme-custom text-left vc_custom_1640695023323\">\n\t\t\t\t<div class=\"woodmart-title-container woodmart-text-block reset-last-child font-text wd-font-weight- \">\n\t\t\t\t\tBj\u00f6rn Thoroddsen \u2013 Gitarre<br \/>\nJ\u00f3n Rafnsson \u2013 Bass<br \/>\n\u00de\u00f3r\u00f0ur \u00c1rnason \u2013 Gitarre<br \/>\nGunnar \u00de\u00f3r\u00f0arson \u2013 Gitarre\t\t\t\t<\/div>\n\n\t\t\t\t\t\t\t<\/div>\n\t\t[vc_column_text css=&#8220;.vc_custom_1735640998986{margin-bottom: 20px !important;}&#8220; text_larger=&#8220;yes&#8220; woodmart_inline=&#8220;no&#8220;]Das Trio Guitar Islancio wurde 1998 gegr\u00fcndet, und hat seitdem zahlreiche Konzerte in Island sowie im Ausland gegeben.<\/p>\n<p>Die Band hat f\u00fcnf Alben herausgegeben; vier der Alben beinhalten isl\u00e4ndische Volkslieder im Jazz-Style, die begeisterte Bewertungen bekamen und zu Bestsellern wurden. . Auf \u201eScandinavian Songs \u2013 Skandinavischen Liedern\u201c spielen sie Musik aus allen nordischen L\u00e4ndern, Gr\u00f6nland und den F\u00e4r\u00f6er-Inseln. \u201eSkandinavian Songs\u201c ist auch in Japan ver\u00f6ffentlicht worden. \u201eConnections\u201d wurde 2001 in Kanada ver\u00f6ffentlicht und enth\u00e4lt 15 Lieder, die bereits alle auf den ersten drei CDs des Trios erschienen. Auf dieser CD ist ein neuer Sound zu h\u00f6ren, da der \u201ewestisl\u00e4ndische\u201c Trompeter Richard Gillis mitwirkt.<br \/>\nIm Jahre 2005 erschien die CD in Island unter dem Namen \u201eIcelandic Folk\u201d.<\/p>\n<p>Im Herbst 2010 ver\u00f6ffentlichte Guitar Islancio ein \u201eBest of \u201c Album, das 15 Lieblingslieder von den fr\u00fcheren Alben beinhaltet, und auch eine neue Ausgabe von dem Lied \u201eTango\u201c von Bj\u00f6rn Thoroddsen, das urspr\u00fcnglich auf \u201eGuitar Islancio II\u201c erschien.<\/p>\n<p>Die CD \u201e\u00dej\u00f3\u00f0l\u00f6g \u2013 Volkslieder\u201c wurde 2017 ver\u00f6ffentlicht und enth\u00e4lt 14 Lieder, die auf \u00e4lteren CDs des Trios zu h\u00f6ren sind, sowie eine bisher noch nicht ver\u00f6ffentlichte Version von \u201e\u00c1 Sprengisandi \u2013 Ein Ritt \u00fcber die Sprengisandur-W\u00fcste\u201c von Sigvaldi Kaldal\u00f3ns. Im Jahre 2019 wurde das Buch \u201eIsl\u00e4ndische Volkslieder, arrangiert von Guitar Islancio\u201c ver\u00f6ffentlicht. Das Buch enth\u00e4lt Noten und Akkordsymbole f\u00fcr Gitarre und Klavier von 22 Volksliedern sowie Wissenswertes \u00fcber die Lieder. Es ist in drei Sprachen erh\u00e4ltlich: Isl\u00e4ndisch, Englisch und Deutsch. Anfang des Jahres 2022 sollen 12 Volkslieder, die alle schon auf den CDs des Trios zu h\u00f6ren sind, auch auf einer Schallplatte ver\u00f6ffentlicht werden.<\/p>\n<p>Viele ber\u00fchmte Musiker haben mit dem Trio gespielt, dazu geh\u00f6ren unter anderem der franz\u00f6sische Violinist Didier Lockwood, der franz\u00f6sische Gitarrist Sylvain Luc, der d\u00e4nische Klarinettist J\u00f6rgen Svare, die schwedischen Ulf Wakenius, Gitarrist, Jonas Knuttson, Saxophonist und Nils Landgren, Posaunist, der belgische Gitarrist Philiph Catherine, der US-amerikanische Gitarrist Larry Coryell, der japanische Gitarrist Kazumi Watanabe und der kanadische Trompetenspieler Richard Gillis.<\/p>\n<p>Ihre Auftritte sind ein begeisternder Mix aus originalem Material, isl\u00e4ndischen Volksliedern und Jazzstandards. Das Trio ist ber\u00fchmt f\u00fcr die gute Stimmung auf ihren Konzerten und ihr kr\u00e4ftiges und lebendiges Spiel, was ihrem Namen alle Ehre macht; \u2013 Das Wort islancio stammt aus der italienischen Musik und bedeutet \u201emit Kraft\u201c oder \u201evehement\u201c. \u201eCon islancio\u201c zu spielen. Zudem assoziiert das Wort eine nicht ungern gew\u00fcnschte Verbindung zu Island.<\/p>\n<p>Guitar Islancio wurde in den Jahren 2000 und 2001 als die musikalische Gruppe der Stadt Reykjavik ausgezeichnet.<\/p>\n<p>Der Gitarrist \u00de\u00f3r\u00f0ur \u00c1rnason hat in letzter Zeit Gunnar \u00de\u00f3r\u00f0arson vertreten und wird auch weiterhin zusammen mit dem Trio auftreten. \u00de\u00f3r\u00f0ur ist eine hervorragende Erg\u00e4nzung des Trios, da er ohne Zweifel einer der besten Gitarristen Islands ist.[\/vc_column_text][\/vc_column][\/vc_row]<\/p>\n","protected":false},"excerpt":{"rendered":"<p>[vc_row][vc_column width=&#8220;1\/2&#8243;][\/vc_column][vc_column width=&#8220;1\/2&#8243;][vc_zigzag color=&#8220;custom&#8220; align=&#8220;left&#8220; el_width=&#8220;10&#8243; css=&#8220;.vc_custom_1499929732869{margin-bottom: 20px !important;}&#8220; custom_color=&#8220;#83b735&#8243;][vc_column_text css=&#8220;.vc_custom_1735640998986{margin-bottom: 20px !important;}&#8220; text_larger=&#8220;yes&#8220; woodmart_inline=&#8220;no&#8220;]Das Trio Guitar Islancio wurde 1998<\/p>\n","protected":false},"author":1,"featured_media":0,"parent":0,"menu_order":2,"comment_status":"closed","ping_status":"closed","template":"","meta":[],"_links":{"self":[{"href":"https:\/\/guitarislancio.is\/de\/wp-json\/wp\/v2\/pages\/9175"}],"collection":[{"href":"https:\/\/guitarislancio.is\/de\/wp-json\/wp\/v2\/pages"}],"about":[{"href":"https:\/\/guitarislancio.is\/de\/wp-json\/wp\/v2\/types\/page"}],"author":[{"embeddable":true,"href":"https:\/\/guitarislancio.is\/de\/wp-json\/wp\/v2\/users\/1"}],"replies":[{"embeddable":true,"href":"https:\/\/guitarislancio.is\/de\/wp-json\/wp\/v2\/comments?post=9175"}],"version-history":[{"count":46,"href":"https:\/\/guitarislancio.is\/de\/wp-json\/wp\/v2\/pages\/9175\/revisions"}],"predecessor-version":[{"id":10254,"href":"https:\/\/guitarislancio.is\/de\/wp-json\/wp\/v2\/pages\/9175\/revisions\/10254"}],"wp:attachment":[{"href":"https:\/\/guitarislancio.is\/de\/wp-json\/wp\/v2\/media?parent=9175"}],"curies":[{"name":"wp","href":"https:\/\/api.w.org\/{rel}","templated":true}]}}